{"id":76021,"date":"2025-07-11T15:36:48","date_gmt":"2025-07-11T12:36:48","guid":{"rendered":"https:\/\/demo8.ecube.lv\/sezona.lv\/products\/acito-florbola-varti-60x90cm\/"},"modified":"2025-07-14T14:44:36","modified_gmt":"2025-07-14T11:44:36","slug":"acito-florbola-varti-60x90cm","status":"publish","type":"product","link":"https:\/\/sezona.lv\/en\/products\/acito-florbola-varti-60x90cm\/","title":{"rendered":"Acito florbola v\u0101rti 60x90cm"},"content":{"rendered":"<ul>\n<li>Materi\u0101ls: met\u0101ls<\/li>\n<li>Kr\u0101sa: sarkana<\/li>\n<li>Izm\u0113rs: 60x90cm <\/li>\n<\/ul>\n<p>&nbsp;<\/p>\n","protected":false},"excerpt":{"rendered":"<p>Materi\u0101ls: met\u0101ls Kr\u0101sa: sarkana Izm\u0113rs: 60x90cm &nbsp;<\/p>\n","protected":false},"featured_media":59861,"template":"","meta":[],"product_brand":[],"product_cat":[4602,4633,4643],"product_tag":[],"class_list":{"0":"post-76021","1":"product","2":"type-product","3":"status-publish","4":"has-post-thumbnail","6":"product_cat-summer-sports-sports","7":"product_cat-floorball-summer-sports-sports","8":"product_cat-floorball-accessories-floorball-summer-sports-sports","10":"first","11":"instock","12":"shipping-taxable","13":"purchasable","14":"product-type-simple"},"_links":{"self":[{"href":"https:\/\/sezona.lv\/en\/wp-json\/wp\/v2\/product\/76021","targetHints":{"allow":["GET"]}}],"collection":[{"href":"https:\/\/sezona.lv\/en\/wp-json\/wp\/v2\/product"}],"about":[{"href":"https:\/\/sezona.lv\/en\/wp-json\/wp\/v2\/types\/product"}],"wp:featuredmedia":[{"embeddable":true,"href":"https:\/\/sezona.lv\/en\/wp-json\/wp\/v2\/media\/59861"}],"wp:attachment":[{"href":"https:\/\/sezona.lv\/en\/wp-json\/wp\/v2\/media?parent=76021"}],"wp:term":[{"taxonomy":"product_brand","embeddable":true,"href":"https:\/\/sezona.lv\/en\/wp-json\/wp\/v2\/product_brand?post=76021"},{"taxonomy":"product_cat","embeddable":true,"href":"https:\/\/sezona.lv\/en\/wp-json\/wp\/v2\/product_cat?post=76021"},{"taxonomy":"product_tag","embeddable":true,"href":"https:\/\/sezona.lv\/en\/wp-json\/wp\/v2\/product_tag?post=76021"}],"curies":[{"name":"wp","href":"https:\/\/api.w.org\/{rel}","templated":true}]}}