{"id":76025,"date":"2025-07-11T15:36:52","date_gmt":"2025-07-11T12:36:52","guid":{"rendered":"https:\/\/demo8.ecube.lv\/sezona.lv\/products\/acito-konuss-40-cm\/"},"modified":"2025-07-14T14:44:39","modified_gmt":"2025-07-14T11:44:39","slug":"acito-konuss-40-cm","status":"publish","type":"product","link":"https:\/\/sezona.lv\/en\/products\/acito-konuss-40-cm\/","title":{"rendered":"Acito konuss 40 cm"},"content":{"rendered":"<ul>\n<li>Kr\u0101sa: dzeltena, sarkana, za\u013ca, zila, balta<\/li>\n<li>Izm\u0113rs: 17x17x25cm <\/li>\n<\/ul>\n","protected":false},"excerpt":{"rendered":"<p>Kr\u0101sa: dzeltena, sarkana, za\u013ca, zila, balta Izm\u0113rs: 17x17x25cm<\/p>\n","protected":false},"featured_media":59873,"template":"","meta":[],"product_brand":[],"product_cat":[4602,4633,4643],"product_tag":[],"class_list":{"0":"post-76025","1":"product","2":"type-product","3":"status-publish","4":"has-post-thumbnail","6":"product_cat-summer-sports-sports","7":"product_cat-floorball-summer-sports-sports","8":"product_cat-floorball-accessories-floorball-summer-sports-sports","10":"first","11":"instock","12":"shipping-taxable","13":"purchasable","14":"product-type-simple"},"_links":{"self":[{"href":"https:\/\/sezona.lv\/en\/wp-json\/wp\/v2\/product\/76025","targetHints":{"allow":["GET"]}}],"collection":[{"href":"https:\/\/sezona.lv\/en\/wp-json\/wp\/v2\/product"}],"about":[{"href":"https:\/\/sezona.lv\/en\/wp-json\/wp\/v2\/types\/product"}],"wp:featuredmedia":[{"embeddable":true,"href":"https:\/\/sezona.lv\/en\/wp-json\/wp\/v2\/media\/59873"}],"wp:attachment":[{"href":"https:\/\/sezona.lv\/en\/wp-json\/wp\/v2\/media?parent=76025"}],"wp:term":[{"taxonomy":"product_brand","embeddable":true,"href":"https:\/\/sezona.lv\/en\/wp-json\/wp\/v2\/product_brand?post=76025"},{"taxonomy":"product_cat","embeddable":true,"href":"https:\/\/sezona.lv\/en\/wp-json\/wp\/v2\/product_cat?post=76025"},{"taxonomy":"product_tag","embeddable":true,"href":"https:\/\/sezona.lv\/en\/wp-json\/wp\/v2\/product_tag?post=76025"}],"curies":[{"name":"wp","href":"https:\/\/api.w.org\/{rel}","templated":true}]}}