{"id":76026,"date":"2025-07-14T14:44:40","date_gmt":"2025-07-14T11:44:40","guid":{"rendered":"https:\/\/demo8.ecube.lv\/sezona.lv\/products\/fashy-ausu-aizbazni\/"},"modified":"2025-07-14T14:44:40","modified_gmt":"2025-07-14T11:44:40","slug":"fashy-ausu-aizbazni","status":"publish","type":"product","link":"https:\/\/sezona.lv\/en\/products\/fashy-ausu-aizbazni\/","title":{"rendered":"Fashy ausu aizb\u0101\u017e\u0146i"},"content":{"rendered":"<ul>\n<li>Silikona,<\/li>\n<li>Maksim\u0101ls komforts un \u016bdens necaurlaid\u012bba, <\/li>\n<li>Ergonomisk\u0101 forma ne\u013cauj ievietot aizb\u0101\u017e\u0146us p\u0101r\u0101k dzi\u013ci aus\u012b, <\/li>\n<li>Neietekm\u0113 dzirdi peld\u0113&scaron;anas laik\u0101 <\/li>\n<\/ul>\n","protected":false},"excerpt":{"rendered":"<p>Silikona, Maksim\u0101ls komforts un \u016bdens necaurlaid\u012bba, Ergonomisk\u0101 forma ne\u013cauj ievietot aizb\u0101\u017e\u0146us p\u0101r\u0101k dzi\u013ci aus\u012b, Neietekm\u0113 dzirdi peld\u0113&scaron;anas laik\u0101<\/p>\n","protected":false},"featured_media":0,"template":"","meta":[],"product_brand":[907],"product_cat":[4587,4602,4634],"product_tag":[],"class_list":{"0":"post-76026","1":"product","2":"type-product","3":"status-publish","5":"product_brand-fashy","6":"product_cat-sports","7":"product_cat-summer-sports-sports","8":"product_cat-swimming-summer-sports-sports","10":"first","11":"instock","12":"shipping-taxable","13":"purchasable","14":"product-type-simple"},"_links":{"self":[{"href":"https:\/\/sezona.lv\/en\/wp-json\/wp\/v2\/product\/76026","targetHints":{"allow":["GET"]}}],"collection":[{"href":"https:\/\/sezona.lv\/en\/wp-json\/wp\/v2\/product"}],"about":[{"href":"https:\/\/sezona.lv\/en\/wp-json\/wp\/v2\/types\/product"}],"wp:attachment":[{"href":"https:\/\/sezona.lv\/en\/wp-json\/wp\/v2\/media?parent=76026"}],"wp:term":[{"taxonomy":"product_brand","embeddable":true,"href":"https:\/\/sezona.lv\/en\/wp-json\/wp\/v2\/product_brand?post=76026"},{"taxonomy":"product_cat","embeddable":true,"href":"https:\/\/sezona.lv\/en\/wp-json\/wp\/v2\/product_cat?post=76026"},{"taxonomy":"product_tag","embeddable":true,"href":"https:\/\/sezona.lv\/en\/wp-json\/wp\/v2\/product_tag?post=76026"}],"curies":[{"name":"wp","href":"https:\/\/api.w.org\/{rel}","templated":true}]}}