{"id":76027,"date":"2025-07-11T15:36:59","date_gmt":"2025-07-11T12:36:59","guid":{"rendered":"https:\/\/demo8.ecube.lv\/sezona.lv\/products\/fashy-ausu-aizbazni-silikona\/"},"modified":"2025-07-14T14:44:41","modified_gmt":"2025-07-14T11:44:41","slug":"fashy-ausu-aizbazni-silikona","status":"publish","type":"product","link":"https:\/\/sezona.lv\/en\/products\/fashy-ausu-aizbazni-silikona\/","title":{"rendered":"Fashy ausu aizb\u0101\u017e\u0146i, silikona"},"content":{"rendered":"<ul>\n<li>Silikona,<\/li>\n<li>Kr\u0101sa: sarkana, balta, d\u016bmakaina <\/li>\n<\/ul>\n","protected":false},"excerpt":{"rendered":"<p>Silikona, Kr\u0101sa: sarkana, balta, d\u016bmakaina<\/p>\n","protected":false},"featured_media":59876,"template":"","meta":[],"product_brand":[907],"product_cat":[4602,4634],"product_tag":[],"class_list":{"0":"post-76027","1":"product","2":"type-product","3":"status-publish","4":"has-post-thumbnail","6":"product_brand-fashy","7":"product_cat-summer-sports-sports","8":"product_cat-swimming-summer-sports-sports","10":"first","11":"instock","12":"shipping-taxable","13":"purchasable","14":"product-type-simple"},"_links":{"self":[{"href":"https:\/\/sezona.lv\/en\/wp-json\/wp\/v2\/product\/76027","targetHints":{"allow":["GET"]}}],"collection":[{"href":"https:\/\/sezona.lv\/en\/wp-json\/wp\/v2\/product"}],"about":[{"href":"https:\/\/sezona.lv\/en\/wp-json\/wp\/v2\/types\/product"}],"wp:featuredmedia":[{"embeddable":true,"href":"https:\/\/sezona.lv\/en\/wp-json\/wp\/v2\/media\/59876"}],"wp:attachment":[{"href":"https:\/\/sezona.lv\/en\/wp-json\/wp\/v2\/media?parent=76027"}],"wp:term":[{"taxonomy":"product_brand","embeddable":true,"href":"https:\/\/sezona.lv\/en\/wp-json\/wp\/v2\/product_brand?post=76027"},{"taxonomy":"product_cat","embeddable":true,"href":"https:\/\/sezona.lv\/en\/wp-json\/wp\/v2\/product_cat?post=76027"},{"taxonomy":"product_tag","embeddable":true,"href":"https:\/\/sezona.lv\/en\/wp-json\/wp\/v2\/product_tag?post=76027"}],"curies":[{"name":"wp","href":"https:\/\/api.w.org\/{rel}","templated":true}]}}