{"id":76029,"date":"2025-07-11T15:37:01","date_gmt":"2025-07-11T12:37:01","guid":{"rendered":"https:\/\/demo8.ecube.lv\/sezona.lv\/products\/fire-fleece\/"},"modified":"2025-07-14T14:44:43","modified_gmt":"2025-07-14T11:44:43","slug":"fire-fleece","status":"publish","type":"product","link":"https:\/\/sezona.lv\/en\/products\/fire-fleece\/","title":{"rendered":"Fire-Fleece"},"content":{"rendered":"<p>Apsild\u0101m\u0101 veste izgatavota no pl\u0101na un \u0113rta fl\u012bsa &#8211; ide\u0101li piem\u0113rota pavilk&scaron;anai zem jakas. <br \/> \u0112rta aizsardz\u012bba pret zem\u0101m temperat\u016br\u0101m, un pat ledusaukstiem apst\u0101k\u013ciem. <br \/> Daudzveid\u012bgi izmantojama, pateicoties optim\u0101lai kust\u012bbu br\u012bv\u012bbai. <br \/> 5 siltuma regul\u0113&scaron;anas pak\u0101pes<br \/> Praktisks un iztur\u012bgs aizsl\u0113gs<br \/> Iesp\u0113jams mazg\u0101t l\u012bdz 30C silt\u0101 \u016bden\u012b<\/p>\n<ul>\n<li>sportisks dizains<\/li>\n<li>daudzfunkcion\u0101ls<\/li>\n<li>lielisks risin\u0101jums zemas temperat\u016bras apst\u0101k\u013cos<\/li>\n<\/ul>\n<p>Pieejamie izm\u0113ri: XS; S; M; L; XL; XXL<\/p>\n<p><strong>Pas\u016btot, l\u016bdzu nor\u0101diet k\u0101ds izm\u0113rs ir nepiecie&scaron;ams.<\/strong><\/p>\n","protected":false},"excerpt":{"rendered":"<p>Apsild\u0101m\u0101 veste izgatavota no pl\u0101na un \u0113rta fl\u012bsa &#8211; ide\u0101li piem\u0113rota pavilk&scaron;anai zem jakas. \u0112rta aizsardz\u012bba pret zem\u0101m temperat\u016br\u0101m, un pat ledusaukstiem apst\u0101k\u013ciem. Daudzveid\u012bgi izmantojama, pateicoties optim\u0101lai kust\u012bbu br\u012bv\u012bbai. 5 siltuma regul\u0113&scaron;anas pak\u0101pes Praktisks un iztur\u012bgs aizsl\u0113gs Iesp\u0113jams mazg\u0101t l\u012bdz 30C silt\u0101 \u016bden\u012b sportisks dizains daudzfunkcion\u0101ls lielisks risin\u0101jums zemas temperat\u016bras apst\u0101k\u013cos Pieejamie izm\u0113ri: XS; S; [&hellip;]<\/p>\n","protected":false},"featured_media":59882,"template":"","meta":[],"product_brand":[3346],"product_cat":[4585,4619,4636],"product_tag":[],"class_list":{"0":"post-76029","1":"product","2":"type-product","3":"status-publish","4":"has-post-thumbnail","6":"product_brand-alpenheat","7":"product_cat-winter-fishing-equipment-recreation","8":"product_cat-winter-clothes-recreation","9":"product_cat-heated-clothing-winter-clothes-recreation","11":"first","12":"instock","13":"shipping-taxable","14":"purchasable","15":"product-type-simple"},"_links":{"self":[{"href":"https:\/\/sezona.lv\/en\/wp-json\/wp\/v2\/product\/76029","targetHints":{"allow":["GET"]}}],"collection":[{"href":"https:\/\/sezona.lv\/en\/wp-json\/wp\/v2\/product"}],"about":[{"href":"https:\/\/sezona.lv\/en\/wp-json\/wp\/v2\/types\/product"}],"wp:featuredmedia":[{"embeddable":true,"href":"https:\/\/sezona.lv\/en\/wp-json\/wp\/v2\/media\/59882"}],"wp:attachment":[{"href":"https:\/\/sezona.lv\/en\/wp-json\/wp\/v2\/media?parent=76029"}],"wp:term":[{"taxonomy":"product_brand","embeddable":true,"href":"https:\/\/sezona.lv\/en\/wp-json\/wp\/v2\/product_brand?post=76029"},{"taxonomy":"product_cat","embeddable":true,"href":"https:\/\/sezona.lv\/en\/wp-json\/wp\/v2\/product_cat?post=76029"},{"taxonomy":"product_tag","embeddable":true,"href":"https:\/\/sezona.lv\/en\/wp-json\/wp\/v2\/product_tag?post=76029"}],"curies":[{"name":"wp","href":"https:\/\/api.w.org\/{rel}","templated":true}]}}