{"id":76030,"date":"2025-07-11T15:37:05","date_gmt":"2025-07-11T12:37:05","guid":{"rendered":"https:\/\/demo8.ecube.lv\/sezona.lv\/products\/fire-doityourself-apgerba-silditajs\/"},"modified":"2025-07-14T14:44:44","modified_gmt":"2025-07-14T11:44:44","slug":"fire-doityourself-apgerba-silditajs","status":"publish","type":"product","link":"https:\/\/sezona.lv\/en\/products\/fire-doityourself-apgerba-silditajs\/","title":{"rendered":"Fire-doITyourself ap\u0123\u0113rba sild\u012bt\u0101js"},"content":{"rendered":"<p><em>Alpenheat <\/em>ap\u0123\u0113rba sild\u012bt\u0101js.<\/p>\n<ul>\n<li>iesp\u0113jams pievienot jebkuram ap\u0123\u0113rbam<\/li>\n<li>viegli piestiprin\u0101ms ar l\u012bplent\u0113m<\/li>\n<li>iesp\u0113jams pie&scaron;\u016bt<\/li>\n<\/ul>\n<p>Komplekt\u0101 ietilpst: sildo&scaron;ais elements, akumulators (2200 mAh), l\u0101d\u0113t\u0101js (100-240 V)<\/p>\n","protected":false},"excerpt":{"rendered":"<p>Alpenheat ap\u0123\u0113rba sild\u012bt\u0101js. iesp\u0113jams pievienot jebkuram ap\u0123\u0113rbam viegli piestiprin\u0101ms ar l\u012bplent\u0113m iesp\u0113jams pie&scaron;\u016bt Komplekt\u0101 ietilpst: sildo&scaron;ais elements, akumulators (2200 mAh), l\u0101d\u0113t\u0101js (100-240 V)<\/p>\n","protected":false},"featured_media":59889,"template":"","meta":[],"product_brand":[3346],"product_cat":[4585,4619,4636],"product_tag":[],"class_list":{"0":"post-76030","1":"product","2":"type-product","3":"status-publish","4":"has-post-thumbnail","6":"product_brand-alpenheat","7":"product_cat-winter-fishing-equipment-recreation","8":"product_cat-winter-clothes-recreation","9":"product_cat-heated-clothing-winter-clothes-recreation","11":"first","12":"instock","13":"shipping-taxable","14":"purchasable","15":"product-type-simple"},"_links":{"self":[{"href":"https:\/\/sezona.lv\/en\/wp-json\/wp\/v2\/product\/76030","targetHints":{"allow":["GET"]}}],"collection":[{"href":"https:\/\/sezona.lv\/en\/wp-json\/wp\/v2\/product"}],"about":[{"href":"https:\/\/sezona.lv\/en\/wp-json\/wp\/v2\/types\/product"}],"wp:featuredmedia":[{"embeddable":true,"href":"https:\/\/sezona.lv\/en\/wp-json\/wp\/v2\/media\/59889"}],"wp:attachment":[{"href":"https:\/\/sezona.lv\/en\/wp-json\/wp\/v2\/media?parent=76030"}],"wp:term":[{"taxonomy":"product_brand","embeddable":true,"href":"https:\/\/sezona.lv\/en\/wp-json\/wp\/v2\/product_brand?post=76030"},{"taxonomy":"product_cat","embeddable":true,"href":"https:\/\/sezona.lv\/en\/wp-json\/wp\/v2\/product_cat?post=76030"},{"taxonomy":"product_tag","embeddable":true,"href":"https:\/\/sezona.lv\/en\/wp-json\/wp\/v2\/product_tag?post=76030"}],"curies":[{"name":"wp","href":"https:\/\/api.w.org\/{rel}","templated":true}]}}