{"id":76031,"date":"2025-07-11T15:37:06","date_gmt":"2025-07-11T12:37:06","guid":{"rendered":"https:\/\/demo8.ecube.lv\/sezona.lv\/products\/fashy-dvielis-sports-s-izmers\/"},"modified":"2025-07-14T14:44:45","modified_gmt":"2025-07-14T11:44:45","slug":"fashy-dvielis-sports-s-izmers","status":"publish","type":"product","link":"https:\/\/sezona.lv\/en\/products\/fashy-dvielis-sports-s-izmers\/","title":{"rendered":"Fashy dvielis SPORTS S izm\u0113rs"},"content":{"rendered":"<ul>\n<li>Mikro&scaron;\u0137iedras, <\/li>\n<li>\u012apa&scaron;i viegls,<\/li>\n<li>Labi absorb\u0113 mitrumu, <\/li>\n<li>\u0100tri \u017e\u016bsto&scaron;s<\/li>\n<li>Izm\u0113rs: 60x40cm<\/li>\n<li>Kr\u0101sa: zila <\/li>\n<\/ul>\n","protected":false},"excerpt":{"rendered":"<p>Mikro&scaron;\u0137iedras, \u012apa&scaron;i viegls, Labi absorb\u0113 mitrumu, \u0100tri \u017e\u016bsto&scaron;s Izm\u0113rs: 60x40cm Kr\u0101sa: zila<\/p>\n","protected":false},"featured_media":59896,"template":"","meta":[],"product_brand":[907],"product_cat":[4602,4634],"product_tag":[],"class_list":{"0":"post-76031","1":"product","2":"type-product","3":"status-publish","4":"has-post-thumbnail","6":"product_brand-fashy","7":"product_cat-summer-sports-sports","8":"product_cat-swimming-summer-sports-sports","10":"first","11":"instock","12":"shipping-taxable","13":"purchasable","14":"product-type-simple"},"_links":{"self":[{"href":"https:\/\/sezona.lv\/en\/wp-json\/wp\/v2\/product\/76031","targetHints":{"allow":["GET"]}}],"collection":[{"href":"https:\/\/sezona.lv\/en\/wp-json\/wp\/v2\/product"}],"about":[{"href":"https:\/\/sezona.lv\/en\/wp-json\/wp\/v2\/types\/product"}],"wp:featuredmedia":[{"embeddable":true,"href":"https:\/\/sezona.lv\/en\/wp-json\/wp\/v2\/media\/59896"}],"wp:attachment":[{"href":"https:\/\/sezona.lv\/en\/wp-json\/wp\/v2\/media?parent=76031"}],"wp:term":[{"taxonomy":"product_brand","embeddable":true,"href":"https:\/\/sezona.lv\/en\/wp-json\/wp\/v2\/product_brand?post=76031"},{"taxonomy":"product_cat","embeddable":true,"href":"https:\/\/sezona.lv\/en\/wp-json\/wp\/v2\/product_cat?post=76031"},{"taxonomy":"product_tag","embeddable":true,"href":"https:\/\/sezona.lv\/en\/wp-json\/wp\/v2\/product_tag?post=76031"}],"curies":[{"name":"wp","href":"https:\/\/api.w.org\/{rel}","templated":true}]}}