{"id":76032,"date":"2025-07-11T15:37:06","date_gmt":"2025-07-11T12:37:06","guid":{"rendered":"https:\/\/demo8.ecube.lv\/sezona.lv\/products\/fashy-pro-paddles\/"},"modified":"2025-07-14T14:44:46","modified_gmt":"2025-07-14T11:44:46","slug":"fashy-pro-paddles","status":"publish","type":"product","link":"https:\/\/sezona.lv\/en\/products\/fashy-pro-paddles\/","title":{"rendered":"Fashy Pro Paddles"},"content":{"rendered":"<ul>\n<li>Ergonomiskas formas l\u0101psti\u0146as ar elast\u012bg\u0101m, regul\u0113jam\u0101m gumijas siksn\u0101m,<\/li>\n<li>Izm\u0113ri: S, M <\/li>\n<\/ul>\n","protected":false},"excerpt":{"rendered":"<p>Ergonomiskas formas l\u0101psti\u0146as ar elast\u012bg\u0101m, regul\u0113jam\u0101m gumijas siksn\u0101m, Izm\u0113ri: S, M<\/p>\n","protected":false},"featured_media":59899,"template":"","meta":[],"product_brand":[907],"product_cat":[4602,4634],"product_tag":[],"class_list":{"0":"post-76032","1":"product","2":"type-product","3":"status-publish","4":"has-post-thumbnail","6":"product_brand-fashy","7":"product_cat-summer-sports-sports","8":"product_cat-swimming-summer-sports-sports","10":"first","11":"instock","12":"shipping-taxable","13":"purchasable","14":"product-type-simple"},"_links":{"self":[{"href":"https:\/\/sezona.lv\/en\/wp-json\/wp\/v2\/product\/76032","targetHints":{"allow":["GET"]}}],"collection":[{"href":"https:\/\/sezona.lv\/en\/wp-json\/wp\/v2\/product"}],"about":[{"href":"https:\/\/sezona.lv\/en\/wp-json\/wp\/v2\/types\/product"}],"wp:featuredmedia":[{"embeddable":true,"href":"https:\/\/sezona.lv\/en\/wp-json\/wp\/v2\/media\/59899"}],"wp:attachment":[{"href":"https:\/\/sezona.lv\/en\/wp-json\/wp\/v2\/media?parent=76032"}],"wp:term":[{"taxonomy":"product_brand","embeddable":true,"href":"https:\/\/sezona.lv\/en\/wp-json\/wp\/v2\/product_brand?post=76032"},{"taxonomy":"product_cat","embeddable":true,"href":"https:\/\/sezona.lv\/en\/wp-json\/wp\/v2\/product_cat?post=76032"},{"taxonomy":"product_tag","embeddable":true,"href":"https:\/\/sezona.lv\/en\/wp-json\/wp\/v2\/product_tag?post=76032"}],"curies":[{"name":"wp","href":"https:\/\/api.w.org\/{rel}","templated":true}]}}