{"id":76040,"date":"2025-07-11T15:37:10","date_gmt":"2025-07-11T12:37:10","guid":{"rendered":"https:\/\/demo8.ecube.lv\/sezona.lv\/products\/fashy-aquafeel-basiena-cibas-viriesu-zilas\/"},"modified":"2025-07-14T14:44:54","modified_gmt":"2025-07-14T11:44:54","slug":"fashy-aquafeel-basiena-cibas-viriesu-zilas","status":"publish","type":"product","link":"https:\/\/sezona.lv\/en\/products\/fashy-aquafeel-basiena-cibas-viriesu-zilas\/","title":{"rendered":"Fashy Aquafeel basiena \u010d\u012bbas, v\u012brie\u0161u, zilas"},"content":{"rendered":"<ul>\n<li>Izm\u0113ri: 42\/43-46\/47<\/li>\n<li>Kr\u0101sas: tum&scaron;i zila\/zila <\/li>\n<\/ul>\n","protected":false},"excerpt":{"rendered":"<p>Izm\u0113ri: 42\/43-46\/47 Kr\u0101sas: tum&scaron;i zila\/zila<\/p>\n","protected":false},"featured_media":59911,"template":"","meta":[],"product_brand":[907],"product_cat":[4602,4634],"product_tag":[],"class_list":{"0":"post-76040","1":"product","2":"type-product","3":"status-publish","4":"has-post-thumbnail","6":"product_brand-fashy","7":"product_cat-summer-sports-sports","8":"product_cat-swimming-summer-sports-sports","10":"first","11":"instock","12":"shipping-taxable","13":"purchasable","14":"product-type-simple"},"_links":{"self":[{"href":"https:\/\/sezona.lv\/en\/wp-json\/wp\/v2\/product\/76040","targetHints":{"allow":["GET"]}}],"collection":[{"href":"https:\/\/sezona.lv\/en\/wp-json\/wp\/v2\/product"}],"about":[{"href":"https:\/\/sezona.lv\/en\/wp-json\/wp\/v2\/types\/product"}],"wp:featuredmedia":[{"embeddable":true,"href":"https:\/\/sezona.lv\/en\/wp-json\/wp\/v2\/media\/59911"}],"wp:attachment":[{"href":"https:\/\/sezona.lv\/en\/wp-json\/wp\/v2\/media?parent=76040"}],"wp:term":[{"taxonomy":"product_brand","embeddable":true,"href":"https:\/\/sezona.lv\/en\/wp-json\/wp\/v2\/product_brand?post=76040"},{"taxonomy":"product_cat","embeddable":true,"href":"https:\/\/sezona.lv\/en\/wp-json\/wp\/v2\/product_cat?post=76040"},{"taxonomy":"product_tag","embeddable":true,"href":"https:\/\/sezona.lv\/en\/wp-json\/wp\/v2\/product_tag?post=76040"}],"curies":[{"name":"wp","href":"https:\/\/api.w.org\/{rel}","templated":true}]}}