{"id":76042,"date":"2025-07-11T15:37:14","date_gmt":"2025-07-11T12:37:14","guid":{"rendered":"https:\/\/demo8.ecube.lv\/sezona.lv\/products\/cepure-norfin-inari-gray\/"},"modified":"2025-07-14T14:44:56","modified_gmt":"2025-07-14T11:44:56","slug":"cepure-norfin-inari-gray","status":"publish","type":"product","link":"https:\/\/sezona.lv\/en\/products\/cepure-norfin-inari-gray\/","title":{"rendered":"Cepure NORFIN INARI GRAY"},"content":{"rendered":"<p>Ausaine Norfin Inari Gray <br \/> Materi\u0101ls &ndash; 100% poliesters,<br \/> Nortex Breathable<br \/> Kr\u0101sa &#8211; pel\u0113ka<\/p>\n","protected":false},"excerpt":{"rendered":"<p>Ausaine Norfin Inari Gray Materi\u0101ls &ndash; 100% poliesters, Nortex Breathable Kr\u0101sa &#8211; pel\u0113ka<\/p>\n","protected":false},"featured_media":59917,"template":"","meta":[],"product_brand":[899],"product_cat":[4585,4619,4638],"product_tag":[],"class_list":{"0":"post-76042","1":"product","2":"type-product","3":"status-publish","4":"has-post-thumbnail","6":"product_brand-norfin","7":"product_cat-winter-fishing-equipment-recreation","8":"product_cat-winter-clothes-recreation","9":"product_cat-hats-masks-winter-clothes-recreation","11":"first","12":"instock","13":"shipping-taxable","14":"purchasable","15":"product-type-simple"},"_links":{"self":[{"href":"https:\/\/sezona.lv\/en\/wp-json\/wp\/v2\/product\/76042","targetHints":{"allow":["GET"]}}],"collection":[{"href":"https:\/\/sezona.lv\/en\/wp-json\/wp\/v2\/product"}],"about":[{"href":"https:\/\/sezona.lv\/en\/wp-json\/wp\/v2\/types\/product"}],"wp:featuredmedia":[{"embeddable":true,"href":"https:\/\/sezona.lv\/en\/wp-json\/wp\/v2\/media\/59917"}],"wp:attachment":[{"href":"https:\/\/sezona.lv\/en\/wp-json\/wp\/v2\/media?parent=76042"}],"wp:term":[{"taxonomy":"product_brand","embeddable":true,"href":"https:\/\/sezona.lv\/en\/wp-json\/wp\/v2\/product_brand?post=76042"},{"taxonomy":"product_cat","embeddable":true,"href":"https:\/\/sezona.lv\/en\/wp-json\/wp\/v2\/product_cat?post=76042"},{"taxonomy":"product_tag","embeddable":true,"href":"https:\/\/sezona.lv\/en\/wp-json\/wp\/v2\/product_tag?post=76042"}],"curies":[{"name":"wp","href":"https:\/\/api.w.org\/{rel}","templated":true}]}}