{"id":76043,"date":"2025-07-11T15:37:15","date_gmt":"2025-07-11T12:37:15","guid":{"rendered":"https:\/\/demo8.ecube.lv\/sezona.lv\/products\/cepure-ausaine-flisa-norfin-haukivesi\/"},"modified":"2025-07-14T14:44:57","modified_gmt":"2025-07-14T11:44:57","slug":"cepure-ausaine-flisa-norfin-haukivesi","status":"publish","type":"product","link":"https:\/\/sezona.lv\/en\/products\/cepure-ausaine-flisa-norfin-haukivesi\/","title":{"rendered":"Cepure-ausaine fl\u012bsa Norfin Haukivesi"},"content":{"rendered":"<p>Ausaine Norfin Haukivesi<br \/> Materi\u0101ls &ndash; 100% poliesters,<br \/> Fl\u012bsa siltin\u0101t\u0101js<br \/> Kr\u0101sa &#8211; melna\/pel\u0113ka<\/p>\n","protected":false},"excerpt":{"rendered":"<p>Ausaine Norfin Haukivesi Materi\u0101ls &ndash; 100% poliesters, Fl\u012bsa siltin\u0101t\u0101js Kr\u0101sa &#8211; melna\/pel\u0113ka<\/p>\n","protected":false},"featured_media":0,"template":"","meta":[],"product_brand":[899],"product_cat":[4619,4638],"product_tag":[],"class_list":{"0":"post-76043","1":"product","2":"type-product","3":"status-publish","5":"product_brand-norfin","6":"product_cat-winter-clothes-recreation","7":"product_cat-hats-masks-winter-clothes-recreation","9":"first","10":"instock","11":"shipping-taxable","12":"purchasable","13":"product-type-simple"},"_links":{"self":[{"href":"https:\/\/sezona.lv\/en\/wp-json\/wp\/v2\/product\/76043","targetHints":{"allow":["GET"]}}],"collection":[{"href":"https:\/\/sezona.lv\/en\/wp-json\/wp\/v2\/product"}],"about":[{"href":"https:\/\/sezona.lv\/en\/wp-json\/wp\/v2\/types\/product"}],"wp:attachment":[{"href":"https:\/\/sezona.lv\/en\/wp-json\/wp\/v2\/media?parent=76043"}],"wp:term":[{"taxonomy":"product_brand","embeddable":true,"href":"https:\/\/sezona.lv\/en\/wp-json\/wp\/v2\/product_brand?post=76043"},{"taxonomy":"product_cat","embeddable":true,"href":"https:\/\/sezona.lv\/en\/wp-json\/wp\/v2\/product_cat?post=76043"},{"taxonomy":"product_tag","embeddable":true,"href":"https:\/\/sezona.lv\/en\/wp-json\/wp\/v2\/product_tag?post=76043"}],"curies":[{"name":"wp","href":"https:\/\/api.w.org\/{rel}","templated":true}]}}