{"id":76044,"date":"2025-07-11T15:37:16","date_gmt":"2025-07-11T12:37:16","guid":{"rendered":"https:\/\/demo8.ecube.lv\/sezona.lv\/products\/apavu-silditajs-trend-ah5\/"},"modified":"2025-07-14T14:44:58","modified_gmt":"2025-07-14T11:44:58","slug":"apavu-silditajs-trend-ah5","status":"publish","type":"product","link":"https:\/\/sezona.lv\/en\/products\/apavu-silditajs-trend-ah5\/","title":{"rendered":"Apavu sild\u012bt\u0101js Trend AH5"},"content":{"rendered":"<p>Apavu sild\u012bt\u0101js Trend AH5 ir efekt\u012bvs, kompakts sild\u012bt\u0101js par \u013coti izdev\u012bgu cenu, kas sp\u0113j saglab\u0101t siltumu <span style=\"text-decoration: underline\">l\u012bdz 14 stund\u0101m<\/span> ar 3 apsildes l\u012bme\u0146iem. Apsildes ilgums ir atkar\u012bgs no izmantotaj\u0101m  akumulatora baterij\u0101m. 2 mm bieza apsild\u0101ma putupoliuret\u0101na starpzole,  ko var apgriezt, piem\u0113rojot vajadz\u012bgam izm\u0113ram. Visiem bateriju tipiem  un akumulatoru baterij\u0101m AA.<\/p>\n","protected":false},"excerpt":{"rendered":"<p>Apavu sild\u012bt\u0101js Trend AH5 ir efekt\u012bvs, kompakts sild\u012bt\u0101js par \u013coti izdev\u012bgu cenu, kas sp\u0113j saglab\u0101t siltumu l\u012bdz 14 stund\u0101m ar 3 apsildes l\u012bme\u0146iem. Apsildes ilgums ir atkar\u012bgs no izmantotaj\u0101m akumulatora baterij\u0101m. 2 mm bieza apsild\u0101ma putupoliuret\u0101na starpzole, ko var apgriezt, piem\u0113rojot vajadz\u012bgam izm\u0113ram. Visiem bateriju tipiem un akumulatoru baterij\u0101m AA.<\/p>\n","protected":false},"featured_media":59923,"template":"","meta":[],"product_brand":[],"product_cat":[4585,4619,4636],"product_tag":[],"class_list":{"0":"post-76044","1":"product","2":"type-product","3":"status-publish","4":"has-post-thumbnail","6":"product_cat-winter-fishing-equipment-recreation","7":"product_cat-winter-clothes-recreation","8":"product_cat-heated-clothing-winter-clothes-recreation","10":"first","11":"instock","12":"shipping-taxable","13":"purchasable","14":"product-type-simple"},"_links":{"self":[{"href":"https:\/\/sezona.lv\/en\/wp-json\/wp\/v2\/product\/76044","targetHints":{"allow":["GET"]}}],"collection":[{"href":"https:\/\/sezona.lv\/en\/wp-json\/wp\/v2\/product"}],"about":[{"href":"https:\/\/sezona.lv\/en\/wp-json\/wp\/v2\/types\/product"}],"wp:featuredmedia":[{"embeddable":true,"href":"https:\/\/sezona.lv\/en\/wp-json\/wp\/v2\/media\/59923"}],"wp:attachment":[{"href":"https:\/\/sezona.lv\/en\/wp-json\/wp\/v2\/media?parent=76044"}],"wp:term":[{"taxonomy":"product_brand","embeddable":true,"href":"https:\/\/sezona.lv\/en\/wp-json\/wp\/v2\/product_brand?post=76044"},{"taxonomy":"product_cat","embeddable":true,"href":"https:\/\/sezona.lv\/en\/wp-json\/wp\/v2\/product_cat?post=76044"},{"taxonomy":"product_tag","embeddable":true,"href":"https:\/\/sezona.lv\/en\/wp-json\/wp\/v2\/product_tag?post=76044"}],"curies":[{"name":"wp","href":"https:\/\/api.w.org\/{rel}","templated":true}]}}