{"id":76045,"date":"2025-07-11T15:37:17","date_gmt":"2025-07-11T12:37:17","guid":{"rendered":"https:\/\/demo8.ecube.lv\/sezona.lv\/products\/apsildamie-cimdi-alpenheat-ag1\/"},"modified":"2025-07-14T14:44:59","modified_gmt":"2025-07-14T11:44:59","slug":"apsildamie-cimdi-alpenheat-ag1","status":"publish","type":"product","link":"https:\/\/sezona.lv\/en\/products\/apsildamie-cimdi-alpenheat-ag1\/","title":{"rendered":"Apsild\u0101mie cimdi ALPENHEAT AG1"},"content":{"rendered":"<ul>\n<li>cimdos iestr\u0101d\u0101tas elast\u012bgas sild\u012b&scaron;anas stieples. <\/li>\n<li>sild\u012b&scaron;anas ilgums no 2 &#8211; 6 stund\u0101m. <\/li>\n<li>4 main\u0101mi sild\u012b&scaron;anas re\u017e\u012bmi.<\/li>\n<li>v\u0113ja un \u016bdens necaurlaid\u012bgi<\/li>\n<\/ul>\n","protected":false},"excerpt":{"rendered":"<p>cimdos iestr\u0101d\u0101tas elast\u012bgas sild\u012b&scaron;anas stieples. sild\u012b&scaron;anas ilgums no 2 &#8211; 6 stund\u0101m. 4 main\u0101mi sild\u012b&scaron;anas re\u017e\u012bmi. v\u0113ja un \u016bdens necaurlaid\u012bgi<\/p>\n","protected":false},"featured_media":59930,"template":"","meta":[],"product_brand":[],"product_cat":[4585,4619,4636],"product_tag":[],"class_list":{"0":"post-76045","1":"product","2":"type-product","3":"status-publish","4":"has-post-thumbnail","6":"product_cat-winter-fishing-equipment-recreation","7":"product_cat-winter-clothes-recreation","8":"product_cat-heated-clothing-winter-clothes-recreation","10":"first","11":"instock","12":"shipping-taxable","13":"purchasable","14":"product-type-simple"},"_links":{"self":[{"href":"https:\/\/sezona.lv\/en\/wp-json\/wp\/v2\/product\/76045","targetHints":{"allow":["GET"]}}],"collection":[{"href":"https:\/\/sezona.lv\/en\/wp-json\/wp\/v2\/product"}],"about":[{"href":"https:\/\/sezona.lv\/en\/wp-json\/wp\/v2\/types\/product"}],"wp:featuredmedia":[{"embeddable":true,"href":"https:\/\/sezona.lv\/en\/wp-json\/wp\/v2\/media\/59930"}],"wp:attachment":[{"href":"https:\/\/sezona.lv\/en\/wp-json\/wp\/v2\/media?parent=76045"}],"wp:term":[{"taxonomy":"product_brand","embeddable":true,"href":"https:\/\/sezona.lv\/en\/wp-json\/wp\/v2\/product_brand?post=76045"},{"taxonomy":"product_cat","embeddable":true,"href":"https:\/\/sezona.lv\/en\/wp-json\/wp\/v2\/product_cat?post=76045"},{"taxonomy":"product_tag","embeddable":true,"href":"https:\/\/sezona.lv\/en\/wp-json\/wp\/v2\/product_tag?post=76045"}],"curies":[{"name":"wp","href":"https:\/\/api.w.org\/{rel}","templated":true}]}}