{"id":76046,"date":"2025-07-11T15:37:18","date_gmt":"2025-07-11T12:37:18","guid":{"rendered":"https:\/\/demo8.ecube.lv\/sezona.lv\/products\/fashy-silikona-ausu-aizbazni\/"},"modified":"2025-07-14T14:45:00","modified_gmt":"2025-07-14T11:45:00","slug":"fashy-silikona-ausu-aizbazni","status":"publish","type":"product","link":"https:\/\/sezona.lv\/en\/products\/fashy-silikona-ausu-aizbazni\/","title":{"rendered":"Fashy silikona ausu aizb\u0101\u017e\u0146i"},"content":{"rendered":"","protected":false},"excerpt":{"rendered":"","protected":false},"featured_media":59935,"template":"","meta":[],"product_brand":[907],"product_cat":[4602,4634],"product_tag":[],"class_list":{"0":"post-76046","1":"product","2":"type-product","3":"status-publish","4":"has-post-thumbnail","6":"product_brand-fashy","7":"product_cat-summer-sports-sports","8":"product_cat-swimming-summer-sports-sports","10":"first","11":"instock","12":"shipping-taxable","13":"purchasable","14":"product-type-simple"},"_links":{"self":[{"href":"https:\/\/sezona.lv\/en\/wp-json\/wp\/v2\/product\/76046","targetHints":{"allow":["GET"]}}],"collection":[{"href":"https:\/\/sezona.lv\/en\/wp-json\/wp\/v2\/product"}],"about":[{"href":"https:\/\/sezona.lv\/en\/wp-json\/wp\/v2\/types\/product"}],"wp:featuredmedia":[{"embeddable":true,"href":"https:\/\/sezona.lv\/en\/wp-json\/wp\/v2\/media\/59935"}],"wp:attachment":[{"href":"https:\/\/sezona.lv\/en\/wp-json\/wp\/v2\/media?parent=76046"}],"wp:term":[{"taxonomy":"product_brand","embeddable":true,"href":"https:\/\/sezona.lv\/en\/wp-json\/wp\/v2\/product_brand?post=76046"},{"taxonomy":"product_cat","embeddable":true,"href":"https:\/\/sezona.lv\/en\/wp-json\/wp\/v2\/product_cat?post=76046"},{"taxonomy":"product_tag","embeddable":true,"href":"https:\/\/sezona.lv\/en\/wp-json\/wp\/v2\/product_tag?post=76046"}],"curies":[{"name":"wp","href":"https:\/\/api.w.org\/{rel}","templated":true}]}}