{"id":76051,"date":"2025-07-11T15:37:23","date_gmt":"2025-07-11T12:37:23","guid":{"rendered":"https:\/\/demo8.ecube.lv\/sezona.lv\/products\/fashy-peldesanas-delis-euro\/"},"modified":"2025-07-14T14:45:09","modified_gmt":"2025-07-14T11:45:09","slug":"fashy-peldesanas-delis-euro","status":"publish","type":"product","link":"https:\/\/sezona.lv\/en\/products\/fashy-peldesanas-delis-euro\/","title":{"rendered":"Fashy peld\u0113\u0161anas d\u0113lis Euro"},"content":{"rendered":"<ul>\n<li>Izm\u0113ri: 44 x 29 x 3,5 cm<\/li>\n<\/ul>\n","protected":false},"excerpt":{"rendered":"<p>Izm\u0113ri: 44 x 29 x 3,5 cm<\/p>\n","protected":false},"featured_media":59952,"template":"","meta":[],"product_brand":[907],"product_cat":[4602,4634],"product_tag":[],"class_list":{"0":"post-76051","1":"product","2":"type-product","3":"status-publish","4":"has-post-thumbnail","6":"product_brand-fashy","7":"product_cat-summer-sports-sports","8":"product_cat-swimming-summer-sports-sports","10":"first","11":"instock","12":"shipping-taxable","13":"purchasable","14":"product-type-simple"},"_links":{"self":[{"href":"https:\/\/sezona.lv\/en\/wp-json\/wp\/v2\/product\/76051","targetHints":{"allow":["GET"]}}],"collection":[{"href":"https:\/\/sezona.lv\/en\/wp-json\/wp\/v2\/product"}],"about":[{"href":"https:\/\/sezona.lv\/en\/wp-json\/wp\/v2\/types\/product"}],"wp:featuredmedia":[{"embeddable":true,"href":"https:\/\/sezona.lv\/en\/wp-json\/wp\/v2\/media\/59952"}],"wp:attachment":[{"href":"https:\/\/sezona.lv\/en\/wp-json\/wp\/v2\/media?parent=76051"}],"wp:term":[{"taxonomy":"product_brand","embeddable":true,"href":"https:\/\/sezona.lv\/en\/wp-json\/wp\/v2\/product_brand?post=76051"},{"taxonomy":"product_cat","embeddable":true,"href":"https:\/\/sezona.lv\/en\/wp-json\/wp\/v2\/product_cat?post=76051"},{"taxonomy":"product_tag","embeddable":true,"href":"https:\/\/sezona.lv\/en\/wp-json\/wp\/v2\/product_tag?post=76051"}],"curies":[{"name":"wp","href":"https:\/\/api.w.org\/{rel}","templated":true}]}}