{"id":76058,"date":"2025-07-11T15:37:31","date_gmt":"2025-07-11T12:37:31","guid":{"rendered":"https:\/\/demo8.ecube.lv\/sezona.lv\/products\/fashy-elastiga-nuja-udensaerobikai\/"},"modified":"2025-07-14T14:45:17","modified_gmt":"2025-07-14T11:45:17","slug":"fashy-elastiga-nuja-udensaerobikai","status":"publish","type":"product","link":"https:\/\/sezona.lv\/en\/products\/fashy-elastiga-nuja-udensaerobikai\/","title":{"rendered":"Fashy elast\u012bga n\u016bja \u016bdensaerobikai"},"content":{"rendered":"","protected":false},"excerpt":{"rendered":"","protected":false},"featured_media":59970,"template":"","meta":[],"product_brand":[907],"product_cat":[4602,4634],"product_tag":[],"class_list":{"0":"post-76058","1":"product","2":"type-product","3":"status-publish","4":"has-post-thumbnail","6":"product_brand-fashy","7":"product_cat-summer-sports-sports","8":"product_cat-swimming-summer-sports-sports","10":"first","11":"instock","12":"shipping-taxable","13":"purchasable","14":"product-type-simple"},"_links":{"self":[{"href":"https:\/\/sezona.lv\/en\/wp-json\/wp\/v2\/product\/76058","targetHints":{"allow":["GET"]}}],"collection":[{"href":"https:\/\/sezona.lv\/en\/wp-json\/wp\/v2\/product"}],"about":[{"href":"https:\/\/sezona.lv\/en\/wp-json\/wp\/v2\/types\/product"}],"wp:featuredmedia":[{"embeddable":true,"href":"https:\/\/sezona.lv\/en\/wp-json\/wp\/v2\/media\/59970"}],"wp:attachment":[{"href":"https:\/\/sezona.lv\/en\/wp-json\/wp\/v2\/media?parent=76058"}],"wp:term":[{"taxonomy":"product_brand","embeddable":true,"href":"https:\/\/sezona.lv\/en\/wp-json\/wp\/v2\/product_brand?post=76058"},{"taxonomy":"product_cat","embeddable":true,"href":"https:\/\/sezona.lv\/en\/wp-json\/wp\/v2\/product_cat?post=76058"},{"taxonomy":"product_tag","embeddable":true,"href":"https:\/\/sezona.lv\/en\/wp-json\/wp\/v2\/product_tag?post=76058"}],"curies":[{"name":"wp","href":"https:\/\/api.w.org\/{rel}","templated":true}]}}