{"id":76060,"date":"2025-07-11T15:37:33","date_gmt":"2025-07-11T12:37:33","guid":{"rendered":"https:\/\/demo8.ecube.lv\/sezona.lv\/products\/fashy-udensaerobikas-zekes\/"},"modified":"2025-07-14T14:45:19","modified_gmt":"2025-07-14T11:45:19","slug":"fashy-udensaerobikas-zekes","status":"publish","type":"product","link":"https:\/\/sezona.lv\/en\/products\/fashy-udensaerobikas-zekes\/","title":{"rendered":"Fashy \u016bdensaerobikas ze\u0137es"},"content":{"rendered":"<ul>\n<li>Izm\u0113ri: S \/ M \/ L<\/li>\n<li>Ide\u0101las \u016bdensaerobikai. <\/li>\n<li>Anatomiska forma ar saform\u0113to pap\u0113di. <\/li>\n<li>Gan \u0101r\u0113j\u0101,  gan iek&scaron;\u0113j\u0101 zoles ne\u013cauj sl\u012bd\u0113t. <\/li>\n<li>Antibakteri\u0101la iek&scaron;\u0113ja zole. <\/li>\n<li>Iztur\u012bgas  pret hlor\u0113to \u016bdeni.<\/li>\n<\/ul>\n","protected":false},"excerpt":{"rendered":"<p>Izm\u0113ri: S \/ M \/ L Ide\u0101las \u016bdensaerobikai. Anatomiska forma ar saform\u0113to pap\u0113di. Gan \u0101r\u0113j\u0101, gan iek&scaron;\u0113j\u0101 zoles ne\u013cauj sl\u012bd\u0113t. Antibakteri\u0101la iek&scaron;\u0113ja zole. Iztur\u012bgas pret hlor\u0113to \u016bdeni.<\/p>\n","protected":false},"featured_media":59976,"template":"","meta":[],"product_brand":[907],"product_cat":[4602,4634],"product_tag":[],"class_list":{"0":"post-76060","1":"product","2":"type-product","3":"status-publish","4":"has-post-thumbnail","6":"product_brand-fashy","7":"product_cat-summer-sports-sports","8":"product_cat-swimming-summer-sports-sports","10":"first","11":"instock","12":"shipping-taxable","13":"purchasable","14":"product-type-simple"},"_links":{"self":[{"href":"https:\/\/sezona.lv\/en\/wp-json\/wp\/v2\/product\/76060","targetHints":{"allow":["GET"]}}],"collection":[{"href":"https:\/\/sezona.lv\/en\/wp-json\/wp\/v2\/product"}],"about":[{"href":"https:\/\/sezona.lv\/en\/wp-json\/wp\/v2\/types\/product"}],"wp:featuredmedia":[{"embeddable":true,"href":"https:\/\/sezona.lv\/en\/wp-json\/wp\/v2\/media\/59976"}],"wp:attachment":[{"href":"https:\/\/sezona.lv\/en\/wp-json\/wp\/v2\/media?parent=76060"}],"wp:term":[{"taxonomy":"product_brand","embeddable":true,"href":"https:\/\/sezona.lv\/en\/wp-json\/wp\/v2\/product_brand?post=76060"},{"taxonomy":"product_cat","embeddable":true,"href":"https:\/\/sezona.lv\/en\/wp-json\/wp\/v2\/product_cat?post=76060"},{"taxonomy":"product_tag","embeddable":true,"href":"https:\/\/sezona.lv\/en\/wp-json\/wp\/v2\/product_tag?post=76060"}],"curies":[{"name":"wp","href":"https:\/\/api.w.org\/{rel}","templated":true}]}}