{"id":76067,"date":"2025-07-11T15:37:41","date_gmt":"2025-07-11T12:37:41","guid":{"rendered":"https:\/\/demo8.ecube.lv\/sezona.lv\/products\/fashy-explorer-nirsanas-maska\/"},"modified":"2025-07-14T14:45:26","modified_gmt":"2025-07-14T11:45:26","slug":"fashy-explorer-nirsanas-maska","status":"publish","type":"product","link":"https:\/\/sezona.lv\/en\/products\/fashy-explorer-nirsanas-maska\/","title":{"rendered":"Fashy Explorer nir\u0161anas maska"},"content":{"rendered":"<p>Pieaugu&scaron;o Fashy Explorer nir&scaron;anas maska.<\/p>\n<p>Zil\u0101 kr\u0101s\u0101.<\/p>\n","protected":false},"excerpt":{"rendered":"<p>Pieaugu&scaron;o Fashy Explorer nir&scaron;anas maska. Zil\u0101 kr\u0101s\u0101.<\/p>\n","protected":false},"featured_media":59997,"template":"","meta":[],"product_brand":[907],"product_cat":[4634],"product_tag":[],"class_list":{"0":"post-76067","1":"product","2":"type-product","3":"status-publish","4":"has-post-thumbnail","6":"product_brand-fashy","7":"product_cat-swimming-summer-sports-sports","9":"first","10":"instock","11":"shipping-taxable","12":"purchasable","13":"product-type-simple"},"_links":{"self":[{"href":"https:\/\/sezona.lv\/en\/wp-json\/wp\/v2\/product\/76067","targetHints":{"allow":["GET"]}}],"collection":[{"href":"https:\/\/sezona.lv\/en\/wp-json\/wp\/v2\/product"}],"about":[{"href":"https:\/\/sezona.lv\/en\/wp-json\/wp\/v2\/types\/product"}],"wp:featuredmedia":[{"embeddable":true,"href":"https:\/\/sezona.lv\/en\/wp-json\/wp\/v2\/media\/59997"}],"wp:attachment":[{"href":"https:\/\/sezona.lv\/en\/wp-json\/wp\/v2\/media?parent=76067"}],"wp:term":[{"taxonomy":"product_brand","embeddable":true,"href":"https:\/\/sezona.lv\/en\/wp-json\/wp\/v2\/product_brand?post=76067"},{"taxonomy":"product_cat","embeddable":true,"href":"https:\/\/sezona.lv\/en\/wp-json\/wp\/v2\/product_cat?post=76067"},{"taxonomy":"product_tag","embeddable":true,"href":"https:\/\/sezona.lv\/en\/wp-json\/wp\/v2\/product_tag?post=76067"}],"curies":[{"name":"wp","href":"https:\/\/api.w.org\/{rel}","templated":true}]}}