{"id":76070,"date":"2025-07-11T15:37:44","date_gmt":"2025-07-11T12:37:44","guid":{"rendered":"https:\/\/demo8.ecube.lv\/sezona.lv\/products\/fashy-timor-pro-nirsanas-komplekts\/"},"modified":"2025-07-14T14:45:29","modified_gmt":"2025-07-14T11:45:29","slug":"fashy-timor-pro-nirsanas-komplekts","status":"publish","type":"product","link":"https:\/\/sezona.lv\/en\/products\/fashy-timor-pro-nirsanas-komplekts\/","title":{"rendered":"Fashy Timor Pro nir\u0161anas komplekts"},"content":{"rendered":"<ul>\n<li>R\u016bd\u012btais stikls <\/li>\n<li>TPR bl\u012bv\u0113t\u0101js <\/li>\n<li>Caursp\u012bd\u012bga siksni\u0146a <\/li>\n<li>M\u012bksts iemutis <\/li>\n<li>Ciet\u0101 iesai\u0146ojum\u0101<\/li>\n<\/ul>\n","protected":false},"excerpt":{"rendered":"<p>R\u016bd\u012btais stikls TPR bl\u012bv\u0113t\u0101js Caursp\u012bd\u012bga siksni\u0146a M\u012bksts iemutis Ciet\u0101 iesai\u0146ojum\u0101<\/p>\n","protected":false},"featured_media":60006,"template":"","meta":[],"product_brand":[907],"product_cat":[4602,4634],"product_tag":[],"class_list":{"0":"post-76070","1":"product","2":"type-product","3":"status-publish","4":"has-post-thumbnail","6":"product_brand-fashy","7":"product_cat-summer-sports-sports","8":"product_cat-swimming-summer-sports-sports","10":"first","11":"instock","12":"shipping-taxable","13":"purchasable","14":"product-type-simple"},"_links":{"self":[{"href":"https:\/\/sezona.lv\/en\/wp-json\/wp\/v2\/product\/76070","targetHints":{"allow":["GET"]}}],"collection":[{"href":"https:\/\/sezona.lv\/en\/wp-json\/wp\/v2\/product"}],"about":[{"href":"https:\/\/sezona.lv\/en\/wp-json\/wp\/v2\/types\/product"}],"wp:featuredmedia":[{"embeddable":true,"href":"https:\/\/sezona.lv\/en\/wp-json\/wp\/v2\/media\/60006"}],"wp:attachment":[{"href":"https:\/\/sezona.lv\/en\/wp-json\/wp\/v2\/media?parent=76070"}],"wp:term":[{"taxonomy":"product_brand","embeddable":true,"href":"https:\/\/sezona.lv\/en\/wp-json\/wp\/v2\/product_brand?post=76070"},{"taxonomy":"product_cat","embeddable":true,"href":"https:\/\/sezona.lv\/en\/wp-json\/wp\/v2\/product_cat?post=76070"},{"taxonomy":"product_tag","embeddable":true,"href":"https:\/\/sezona.lv\/en\/wp-json\/wp\/v2\/product_tag?post=76070"}],"curies":[{"name":"wp","href":"https:\/\/api.w.org\/{rel}","templated":true}]}}