{"id":76081,"date":"2025-07-14T14:45:43","date_gmt":"2025-07-14T11:45:43","guid":{"rendered":"https:\/\/demo8.ecube.lv\/sezona.lv\/products\/stiga-rakete-superior-crystal-ittf-5\/"},"modified":"2025-07-14T14:45:43","modified_gmt":"2025-07-14T11:45:43","slug":"stiga-rakete-superior-crystal-ittf-5","status":"publish","type":"product","link":"https:\/\/sezona.lv\/en\/products\/stiga-rakete-superior-crystal-ittf-5\/","title":{"rendered":"STIGA rakete Superior Crystal ITTF 5*"},"content":{"rendered":"<p>Pateicoties ACS un TUBE tehnolo\u0123ijai Superior rakete tagad var pied\u0101v\u0101t sp\u0113l\u0113t\u0101jiem pastiprin\u0101tu \u0101trumu, grie&scaron;anos un kontroli.<\/p>\n<ul>\n<li>L\u012bmenis ***** <\/li>\n<li>TUBE l\u0101psti\u0146a kombin\u0101cij\u0101 ar ACS-s\u016bkli veido ide\u0101lu uzbrukuma raketi. <\/li>\n<li>Crystal Tech: palielina \u0101trumu. <\/li>\n<li>WRB: WRB sist\u0113ma pa\u0101trina l\u0101psti\u0146as sagrie&scaron;anas iesp\u0113jas, padara to sp\u0113c\u012bgu un \u012bpa&scaron;i j\u016bt\u012bgu saskar\u0113. <\/li>\n<li>ROKTURIS: Anatomic; <\/li>\n<li>GUMIJA: Premium 2,0mm; <\/li>\n<li>L\u0100PSTI\u0145A: 5-PLY \u012apa&scaron;i viegla.<\/li>\n<\/ul>\n","protected":false},"excerpt":{"rendered":"<p>Pateicoties ACS un TUBE tehnolo\u0123ijai Superior rakete tagad var pied\u0101v\u0101t sp\u0113l\u0113t\u0101jiem pastiprin\u0101tu \u0101trumu, grie&scaron;anos un kontroli. L\u012bmenis ***** TUBE l\u0101psti\u0146a kombin\u0101cij\u0101 ar ACS-s\u016bkli veido ide\u0101lu uzbrukuma raketi. Crystal Tech: palielina \u0101trumu. WRB: WRB sist\u0113ma pa\u0101trina l\u0101psti\u0146as sagrie&scaron;anas iesp\u0113jas, padara to sp\u0113c\u012bgu un \u012bpa&scaron;i j\u016bt\u012bgu saskar\u0113. ROKTURIS: Anatomic; GUMIJA: Premium 2,0mm; L\u0100PSTI\u0145A: 5-PLY \u012apa&scaron;i viegla.<\/p>\n","protected":false},"featured_media":0,"template":"","meta":[],"product_brand":[898],"product_cat":[4602,4635],"product_tag":[],"class_list":{"0":"post-76081","1":"product","2":"type-product","3":"status-publish","5":"product_brand-stiga","6":"product_cat-summer-sports-sports","7":"product_cat-ping-pong-summer-sports-sports","9":"first","10":"instock","11":"shipping-taxable","12":"purchasable","13":"product-type-simple"},"_links":{"self":[{"href":"https:\/\/sezona.lv\/en\/wp-json\/wp\/v2\/product\/76081","targetHints":{"allow":["GET"]}}],"collection":[{"href":"https:\/\/sezona.lv\/en\/wp-json\/wp\/v2\/product"}],"about":[{"href":"https:\/\/sezona.lv\/en\/wp-json\/wp\/v2\/types\/product"}],"wp:attachment":[{"href":"https:\/\/sezona.lv\/en\/wp-json\/wp\/v2\/media?parent=76081"}],"wp:term":[{"taxonomy":"product_brand","embeddable":true,"href":"https:\/\/sezona.lv\/en\/wp-json\/wp\/v2\/product_brand?post=76081"},{"taxonomy":"product_cat","embeddable":true,"href":"https:\/\/sezona.lv\/en\/wp-json\/wp\/v2\/product_cat?post=76081"},{"taxonomy":"product_tag","embeddable":true,"href":"https:\/\/sezona.lv\/en\/wp-json\/wp\/v2\/product_tag?post=76081"}],"curies":[{"name":"wp","href":"https:\/\/api.w.org\/{rel}","templated":true}]}}