{"id":76082,"date":"2025-07-11T15:37:57","date_gmt":"2025-07-11T12:37:57","guid":{"rendered":"https:\/\/demo8.ecube.lv\/sezona.lv\/products\/stiga-rakete-jms-infinity-ittf-4-concave\/"},"modified":"2025-07-14T14:45:44","modified_gmt":"2025-07-14T11:45:44","slug":"stiga-rakete-jms-infinity-ittf-4-concave","status":"publish","type":"product","link":"https:\/\/sezona.lv\/en\/products\/stiga-rakete-jms-infinity-ittf-4-concave\/","title":{"rendered":"STIGA rakete JMS Infinity ITTF 4* (concave)"},"content":{"rendered":"<p>Infinity ir piem\u0113rota sp\u0113l\u0113t\u0101jiem kuri v\u0113las liel\u0101ku atrumu kombin\u0101cija ar maksim\u0101lu elast\u012bbu un kontoli.<\/p>\n<ul>\n<li>L\u012bmenis ****<\/li>\n<li>ACS-tehnolo\u0123ija \u013cauj kombin\u0113t \u013coti lielu \u0101trumu ar maksim\u0101lu elast\u012bbu\/atsper\u012bgumu, \u012bpa&scaron;i pl\u0101n\u0101 gumij\u0101 ar izcil\u0101m kontroles \u012bpa&scaron;\u012bb\u0101m. <\/li>\n<li>WRB sist\u0113ma pa\u0101trina l\u0101psti\u0146as sagrie&scaron;anas iesp\u0113jas, padara to sp\u0113c\u012bgu un \u012bpa&scaron;i j\u016bt\u012bgu saskar\u0113. <\/li>\n<li>ROKTURIS: Concave; <\/li>\n<li>GUMIJA: EVO 2,0mm; <\/li>\n<li>L\u0100PSTI\u0145A: 7-PLY<\/li>\n<\/ul>\n<p>&nbsp;<\/p>\n","protected":false},"excerpt":{"rendered":"<p>Infinity ir piem\u0113rota sp\u0113l\u0113t\u0101jiem kuri v\u0113las liel\u0101ku atrumu kombin\u0101cija ar maksim\u0101lu elast\u012bbu un kontoli. L\u012bmenis **** ACS-tehnolo\u0123ija \u013cauj kombin\u0113t \u013coti lielu \u0101trumu ar maksim\u0101lu elast\u012bbu\/atsper\u012bgumu, \u012bpa&scaron;i pl\u0101n\u0101 gumij\u0101 ar izcil\u0101m kontroles \u012bpa&scaron;\u012bb\u0101m. WRB sist\u0113ma pa\u0101trina l\u0101psti\u0146as sagrie&scaron;anas iesp\u0113jas, padara to sp\u0113c\u012bgu un \u012bpa&scaron;i j\u016bt\u012bgu saskar\u0113. ROKTURIS: Concave; GUMIJA: EVO 2,0mm; L\u0100PSTI\u0145A: 7-PLY &nbsp;<\/p>\n","protected":false},"featured_media":60039,"template":"","meta":[],"product_brand":[898],"product_cat":[4602,4635],"product_tag":[],"class_list":{"0":"post-76082","1":"product","2":"type-product","3":"status-publish","4":"has-post-thumbnail","6":"product_brand-stiga","7":"product_cat-summer-sports-sports","8":"product_cat-ping-pong-summer-sports-sports","10":"first","11":"instock","12":"shipping-taxable","13":"purchasable","14":"product-type-simple"},"_links":{"self":[{"href":"https:\/\/sezona.lv\/en\/wp-json\/wp\/v2\/product\/76082","targetHints":{"allow":["GET"]}}],"collection":[{"href":"https:\/\/sezona.lv\/en\/wp-json\/wp\/v2\/product"}],"about":[{"href":"https:\/\/sezona.lv\/en\/wp-json\/wp\/v2\/types\/product"}],"wp:featuredmedia":[{"embeddable":true,"href":"https:\/\/sezona.lv\/en\/wp-json\/wp\/v2\/media\/60039"}],"wp:attachment":[{"href":"https:\/\/sezona.lv\/en\/wp-json\/wp\/v2\/media?parent=76082"}],"wp:term":[{"taxonomy":"product_brand","embeddable":true,"href":"https:\/\/sezona.lv\/en\/wp-json\/wp\/v2\/product_brand?post=76082"},{"taxonomy":"product_cat","embeddable":true,"href":"https:\/\/sezona.lv\/en\/wp-json\/wp\/v2\/product_cat?post=76082"},{"taxonomy":"product_tag","embeddable":true,"href":"https:\/\/sezona.lv\/en\/wp-json\/wp\/v2\/product_tag?post=76082"}],"curies":[{"name":"wp","href":"https:\/\/api.w.org\/{rel}","templated":true}]}}