{"id":76083,"date":"2025-07-11T15:37:58","date_gmt":"2025-07-11T12:37:58","guid":{"rendered":"https:\/\/demo8.ecube.lv\/sezona.lv\/products\/stiga-rakete-jms-fighter-ittf-2-concave\/"},"modified":"2025-07-14T14:45:45","modified_gmt":"2025-07-14T11:45:45","slug":"stiga-rakete-jms-fighter-ittf-2-concave","status":"publish","type":"product","link":"https:\/\/sezona.lv\/en\/products\/stiga-rakete-jms-fighter-ittf-2-concave\/","title":{"rendered":"STIGA rakete JMS Fighter ITTF 2* (concave)"},"content":{"rendered":"<p>&nbsp;&nbsp;&nbsp; Fighter ir piem\u0113rota sp\u0113l\u0113t\u0101jiem kuri mekl\u0113 liel\u0101ku kontoli pie liel\u0101ka atruma.<\/p>\n<ul>\n<li>ROKTURIS: Concave; <\/li>\n<li>GUMIJA: MAGIC 2,0 mm; <\/li>\n<li>L\u0100PSTI\u0145A: 5-PLY . <\/li>\n<li>\u0100TRUMS: 20; <\/li>\n<li>GRIE&Scaron;AN\u0100S: 28; <\/li>\n<li>KONTROLE: 40<\/li>\n<\/ul>\n","protected":false},"excerpt":{"rendered":"<p>&nbsp;&nbsp;&nbsp; Fighter ir piem\u0113rota sp\u0113l\u0113t\u0101jiem kuri mekl\u0113 liel\u0101ku kontoli pie liel\u0101ka atruma. ROKTURIS: Concave; GUMIJA: MAGIC 2,0 mm; L\u0100PSTI\u0145A: 5-PLY . \u0100TRUMS: 20; GRIE&Scaron;AN\u0100S: 28; KONTROLE: 40<\/p>\n","protected":false},"featured_media":60042,"template":"","meta":[],"product_brand":[898],"product_cat":[4602,4635],"product_tag":[],"class_list":{"0":"post-76083","1":"product","2":"type-product","3":"status-publish","4":"has-post-thumbnail","6":"product_brand-stiga","7":"product_cat-summer-sports-sports","8":"product_cat-ping-pong-summer-sports-sports","10":"first","11":"instock","12":"shipping-taxable","13":"purchasable","14":"product-type-simple"},"_links":{"self":[{"href":"https:\/\/sezona.lv\/en\/wp-json\/wp\/v2\/product\/76083","targetHints":{"allow":["GET"]}}],"collection":[{"href":"https:\/\/sezona.lv\/en\/wp-json\/wp\/v2\/product"}],"about":[{"href":"https:\/\/sezona.lv\/en\/wp-json\/wp\/v2\/types\/product"}],"wp:featuredmedia":[{"embeddable":true,"href":"https:\/\/sezona.lv\/en\/wp-json\/wp\/v2\/media\/60042"}],"wp:attachment":[{"href":"https:\/\/sezona.lv\/en\/wp-json\/wp\/v2\/media?parent=76083"}],"wp:term":[{"taxonomy":"product_brand","embeddable":true,"href":"https:\/\/sezona.lv\/en\/wp-json\/wp\/v2\/product_brand?post=76083"},{"taxonomy":"product_cat","embeddable":true,"href":"https:\/\/sezona.lv\/en\/wp-json\/wp\/v2\/product_cat?post=76083"},{"taxonomy":"product_tag","embeddable":true,"href":"https:\/\/sezona.lv\/en\/wp-json\/wp\/v2\/product_tag?post=76083"}],"curies":[{"name":"wp","href":"https:\/\/api.w.org\/{rel}","templated":true}]}}