{"id":76085,"date":"2025-07-11T15:38:00","date_gmt":"2025-07-11T12:38:00","guid":{"rendered":"https:\/\/demo8.ecube.lv\/sezona.lv\/products\/stiga-rakete-jms-spirit-ittf-concave\/"},"modified":"2025-07-14T14:45:47","modified_gmt":"2025-07-14T11:45:47","slug":"stiga-rakete-jms-spirit-ittf-concave","status":"publish","type":"product","link":"https:\/\/sezona.lv\/en\/products\/stiga-rakete-jms-spirit-ittf-concave\/","title":{"rendered":"STIGA rakete JMS Spirit ITTF * (concave)"},"content":{"rendered":"<p>&nbsp;&nbsp;&nbsp; Spirit ir optimal\u0101k\u0101 izvele vado&scaron;ajiem sp\u0113l\u0113t\u0101jiem, kuri v\u0113las att\u012bst\u012bt savu sp\u0113les stilu.<\/p>\n<ul>\n<li>ROKTURIS: Concave; <\/li>\n<li>GUMIJA: MAGIC 1,8 mm; <\/li>\n<li>L\u0100PSTI\u0145A: 5-PLY <\/li>\n<li><span id=\"saturosss\">&nbsp;\u0100trums: 17<br \/> <\/span><\/li>\n<li><span id=\"saturosss\">&nbsp;Grie&scaron;an\u0101s: 24<br \/> <\/span><\/li>\n<li><span id=\"saturosss\">&nbsp;Kontrole: 43<\/span><\/li>\n<li><span id=\"saturosss\">&nbsp;&Scaron;vammes biezums: 1.8<\/span><\/li>\n<\/ul>\n","protected":false},"excerpt":{"rendered":"<p>&nbsp;&nbsp;&nbsp; Spirit ir optimal\u0101k\u0101 izvele vado&scaron;ajiem sp\u0113l\u0113t\u0101jiem, kuri v\u0113las att\u012bst\u012bt savu sp\u0113les stilu. ROKTURIS: Concave; GUMIJA: MAGIC 1,8 mm; L\u0100PSTI\u0145A: 5-PLY &nbsp;\u0100trums: 17 &nbsp;Grie&scaron;an\u0101s: 24 &nbsp;Kontrole: 43 &nbsp;&Scaron;vammes biezums: 1.8<\/p>\n","protected":false},"featured_media":60048,"template":"","meta":[],"product_brand":[898],"product_cat":[4602,4635],"product_tag":[],"class_list":{"0":"post-76085","1":"product","2":"type-product","3":"status-publish","4":"has-post-thumbnail","6":"product_brand-stiga","7":"product_cat-summer-sports-sports","8":"product_cat-ping-pong-summer-sports-sports","10":"first","11":"instock","12":"shipping-taxable","13":"purchasable","14":"product-type-simple"},"_links":{"self":[{"href":"https:\/\/sezona.lv\/en\/wp-json\/wp\/v2\/product\/76085","targetHints":{"allow":["GET"]}}],"collection":[{"href":"https:\/\/sezona.lv\/en\/wp-json\/wp\/v2\/product"}],"about":[{"href":"https:\/\/sezona.lv\/en\/wp-json\/wp\/v2\/types\/product"}],"wp:featuredmedia":[{"embeddable":true,"href":"https:\/\/sezona.lv\/en\/wp-json\/wp\/v2\/media\/60048"}],"wp:attachment":[{"href":"https:\/\/sezona.lv\/en\/wp-json\/wp\/v2\/media?parent=76085"}],"wp:term":[{"taxonomy":"product_brand","embeddable":true,"href":"https:\/\/sezona.lv\/en\/wp-json\/wp\/v2\/product_brand?post=76085"},{"taxonomy":"product_cat","embeddable":true,"href":"https:\/\/sezona.lv\/en\/wp-json\/wp\/v2\/product_cat?post=76085"},{"taxonomy":"product_tag","embeddable":true,"href":"https:\/\/sezona.lv\/en\/wp-json\/wp\/v2\/product_tag?post=76085"}],"curies":[{"name":"wp","href":"https:\/\/api.w.org\/{rel}","templated":true}]}}