{"id":76087,"date":"2025-07-11T15:38:02","date_gmt":"2025-07-11T12:38:02","guid":{"rendered":"https:\/\/demo8.ecube.lv\/sezona.lv\/products\/stiga-rakete-peak-ittf-concave\/"},"modified":"2025-07-14T14:45:49","modified_gmt":"2025-07-14T11:45:49","slug":"stiga-rakete-peak-ittf-concave","status":"publish","type":"product","link":"https:\/\/sezona.lv\/en\/products\/stiga-rakete-peak-ittf-concave\/","title":{"rendered":"STIGA rakete Peak ITTF * (concave)"},"content":{"rendered":"<p>&nbsp;&nbsp;&nbsp; Peak &ndash; optim\u0101la izv\u0113le aizsargiem, kuri grib att\u012bst\u012bt savu stilu.<\/p>\n","protected":false},"excerpt":{"rendered":"<p>&nbsp;&nbsp;&nbsp; Peak &ndash; optim\u0101la izv\u0113le aizsargiem, kuri grib att\u012bst\u012bt savu stilu.<\/p>\n","protected":false},"featured_media":60051,"template":"","meta":[],"product_brand":[898],"product_cat":[4602,4635],"product_tag":[],"class_list":{"0":"post-76087","1":"product","2":"type-product","3":"status-publish","4":"has-post-thumbnail","6":"product_brand-stiga","7":"product_cat-summer-sports-sports","8":"product_cat-ping-pong-summer-sports-sports","10":"first","11":"instock","12":"shipping-taxable","13":"purchasable","14":"product-type-simple"},"_links":{"self":[{"href":"https:\/\/sezona.lv\/en\/wp-json\/wp\/v2\/product\/76087","targetHints":{"allow":["GET"]}}],"collection":[{"href":"https:\/\/sezona.lv\/en\/wp-json\/wp\/v2\/product"}],"about":[{"href":"https:\/\/sezona.lv\/en\/wp-json\/wp\/v2\/types\/product"}],"wp:featuredmedia":[{"embeddable":true,"href":"https:\/\/sezona.lv\/en\/wp-json\/wp\/v2\/media\/60051"}],"wp:attachment":[{"href":"https:\/\/sezona.lv\/en\/wp-json\/wp\/v2\/media?parent=76087"}],"wp:term":[{"taxonomy":"product_brand","embeddable":true,"href":"https:\/\/sezona.lv\/en\/wp-json\/wp\/v2\/product_brand?post=76087"},{"taxonomy":"product_cat","embeddable":true,"href":"https:\/\/sezona.lv\/en\/wp-json\/wp\/v2\/product_cat?post=76087"},{"taxonomy":"product_tag","embeddable":true,"href":"https:\/\/sezona.lv\/en\/wp-json\/wp\/v2\/product_tag?post=76087"}],"curies":[{"name":"wp","href":"https:\/\/api.w.org\/{rel}","templated":true}]}}