{"id":76088,"date":"2025-07-11T15:38:04","date_gmt":"2025-07-11T12:38:04","guid":{"rendered":"https:\/\/demo8.ecube.lv\/sezona.lv\/products\/stiga-rakete-action-ittf\/"},"modified":"2025-07-14T14:45:50","modified_gmt":"2025-07-14T11:45:50","slug":"stiga-rakete-action-ittf","status":"publish","type":"product","link":"https:\/\/sezona.lv\/en\/products\/stiga-rakete-action-ittf\/","title":{"rendered":"STIGA rakete Action, ITTF"},"content":{"rendered":"<p><span id=\"saturosss\">&nbsp;&nbsp;&nbsp; Kvalitat\u012bva galda tenisa rakete sp\u0113l\u0113t\u0101jiem, kam prim\u0101rais ir iztur\u012bba un liels \u0101trums.<\/span><\/p>\n<ul>\n<li>Kontrole: 20, <\/li>\n<li>\u0100trums: 8, <\/li>\n<li>Grie&scaron;an\u0101s: 8<\/li>\n<\/ul>\n","protected":false},"excerpt":{"rendered":"<p>&nbsp;&nbsp;&nbsp; Kvalitat\u012bva galda tenisa rakete sp\u0113l\u0113t\u0101jiem, kam prim\u0101rais ir iztur\u012bba un liels \u0101trums. Kontrole: 20, \u0100trums: 8, Grie&scaron;an\u0101s: 8<\/p>\n","protected":false},"featured_media":60054,"template":"","meta":[],"product_brand":[898],"product_cat":[4602,4635],"product_tag":[],"class_list":{"0":"post-76088","1":"product","2":"type-product","3":"status-publish","4":"has-post-thumbnail","6":"product_brand-stiga","7":"product_cat-summer-sports-sports","8":"product_cat-ping-pong-summer-sports-sports","10":"first","11":"instock","12":"shipping-taxable","13":"purchasable","14":"product-type-simple"},"_links":{"self":[{"href":"https:\/\/sezona.lv\/en\/wp-json\/wp\/v2\/product\/76088","targetHints":{"allow":["GET"]}}],"collection":[{"href":"https:\/\/sezona.lv\/en\/wp-json\/wp\/v2\/product"}],"about":[{"href":"https:\/\/sezona.lv\/en\/wp-json\/wp\/v2\/types\/product"}],"wp:featuredmedia":[{"embeddable":true,"href":"https:\/\/sezona.lv\/en\/wp-json\/wp\/v2\/media\/60054"}],"wp:attachment":[{"href":"https:\/\/sezona.lv\/en\/wp-json\/wp\/v2\/media?parent=76088"}],"wp:term":[{"taxonomy":"product_brand","embeddable":true,"href":"https:\/\/sezona.lv\/en\/wp-json\/wp\/v2\/product_brand?post=76088"},{"taxonomy":"product_cat","embeddable":true,"href":"https:\/\/sezona.lv\/en\/wp-json\/wp\/v2\/product_cat?post=76088"},{"taxonomy":"product_tag","embeddable":true,"href":"https:\/\/sezona.lv\/en\/wp-json\/wp\/v2\/product_tag?post=76088"}],"curies":[{"name":"wp","href":"https:\/\/api.w.org\/{rel}","templated":true}]}}