{"id":76090,"date":"2025-07-11T15:38:06","date_gmt":"2025-07-11T12:38:06","guid":{"rendered":"https:\/\/demo8.ecube.lv\/sezona.lv\/products\/stiga-tikls-champ\/"},"modified":"2025-07-14T14:45:52","modified_gmt":"2025-07-14T11:45:52","slug":"stiga-tikls-champ","status":"publish","type":"product","link":"https:\/\/sezona.lv\/en\/products\/stiga-tikls-champ\/","title":{"rendered":"STIGA t\u012bkls Champ"},"content":{"rendered":"<ul>\n<li><span id=\"saturosss\">&nbsp;Univers\u0101ls neilona t\u012bkls ar nostiprin\u0101jumiem.<\/span><\/li>\n<li><span id=\"saturosss\">&nbsp;Zils neilona t\u012bkls. <\/span><\/li>\n<\/ul>\n","protected":false},"excerpt":{"rendered":"<p>&nbsp;Univers\u0101ls neilona t\u012bkls ar nostiprin\u0101jumiem. &nbsp;Zils neilona t\u012bkls.<\/p>\n","protected":false},"featured_media":60060,"template":"","meta":[],"product_brand":[898],"product_cat":[4602,4635],"product_tag":[],"class_list":{"0":"post-76090","1":"product","2":"type-product","3":"status-publish","4":"has-post-thumbnail","6":"product_brand-stiga","7":"product_cat-summer-sports-sports","8":"product_cat-ping-pong-summer-sports-sports","10":"first","11":"instock","12":"shipping-taxable","13":"purchasable","14":"product-type-simple"},"_links":{"self":[{"href":"https:\/\/sezona.lv\/en\/wp-json\/wp\/v2\/product\/76090","targetHints":{"allow":["GET"]}}],"collection":[{"href":"https:\/\/sezona.lv\/en\/wp-json\/wp\/v2\/product"}],"about":[{"href":"https:\/\/sezona.lv\/en\/wp-json\/wp\/v2\/types\/product"}],"wp:featuredmedia":[{"embeddable":true,"href":"https:\/\/sezona.lv\/en\/wp-json\/wp\/v2\/media\/60060"}],"wp:attachment":[{"href":"https:\/\/sezona.lv\/en\/wp-json\/wp\/v2\/media?parent=76090"}],"wp:term":[{"taxonomy":"product_brand","embeddable":true,"href":"https:\/\/sezona.lv\/en\/wp-json\/wp\/v2\/product_brand?post=76090"},{"taxonomy":"product_cat","embeddable":true,"href":"https:\/\/sezona.lv\/en\/wp-json\/wp\/v2\/product_cat?post=76090"},{"taxonomy":"product_tag","embeddable":true,"href":"https:\/\/sezona.lv\/en\/wp-json\/wp\/v2\/product_tag?post=76090"}],"curies":[{"name":"wp","href":"https:\/\/api.w.org\/{rel}","templated":true}]}}