{"id":76091,"date":"2025-07-11T15:38:07","date_gmt":"2025-07-11T12:38:07","guid":{"rendered":"https:\/\/demo8.ecube.lv\/sezona.lv\/products\/stiga-tikls-champ-clip\/"},"modified":"2025-07-14T14:45:53","modified_gmt":"2025-07-14T11:45:53","slug":"stiga-tikls-champ-clip","status":"publish","type":"product","link":"https:\/\/sezona.lv\/en\/products\/stiga-tikls-champ-clip\/","title":{"rendered":"STIGA t\u012bkls Champ Clip"},"content":{"rendered":"<ul>\n<li>Regul\u0113jamais nostiepums. <\/li>\n<li>\u0100tra uzst\u0101d\u012b&scaron;ana pateicoties Clip piestiprin\u0101juma sist\u0113mai. <\/li>\n<li>Zils neilona t\u012bkls.<\/li>\n<\/ul>\n","protected":false},"excerpt":{"rendered":"<p>Regul\u0113jamais nostiepums. \u0100tra uzst\u0101d\u012b&scaron;ana pateicoties Clip piestiprin\u0101juma sist\u0113mai. Zils neilona t\u012bkls.<\/p>\n","protected":false},"featured_media":60063,"template":"","meta":[],"product_brand":[898],"product_cat":[4602,4635],"product_tag":[],"class_list":{"0":"post-76091","1":"product","2":"type-product","3":"status-publish","4":"has-post-thumbnail","6":"product_brand-stiga","7":"product_cat-summer-sports-sports","8":"product_cat-ping-pong-summer-sports-sports","10":"first","11":"instock","12":"shipping-taxable","13":"purchasable","14":"product-type-simple"},"_links":{"self":[{"href":"https:\/\/sezona.lv\/en\/wp-json\/wp\/v2\/product\/76091","targetHints":{"allow":["GET"]}}],"collection":[{"href":"https:\/\/sezona.lv\/en\/wp-json\/wp\/v2\/product"}],"about":[{"href":"https:\/\/sezona.lv\/en\/wp-json\/wp\/v2\/types\/product"}],"wp:featuredmedia":[{"embeddable":true,"href":"https:\/\/sezona.lv\/en\/wp-json\/wp\/v2\/media\/60063"}],"wp:attachment":[{"href":"https:\/\/sezona.lv\/en\/wp-json\/wp\/v2\/media?parent=76091"}],"wp:term":[{"taxonomy":"product_brand","embeddable":true,"href":"https:\/\/sezona.lv\/en\/wp-json\/wp\/v2\/product_brand?post=76091"},{"taxonomy":"product_cat","embeddable":true,"href":"https:\/\/sezona.lv\/en\/wp-json\/wp\/v2\/product_cat?post=76091"},{"taxonomy":"product_tag","embeddable":true,"href":"https:\/\/sezona.lv\/en\/wp-json\/wp\/v2\/product_tag?post=76091"}],"curies":[{"name":"wp","href":"https:\/\/api.w.org\/{rel}","templated":true}]}}