{"id":76092,"date":"2025-07-11T15:38:08","date_gmt":"2025-07-11T12:38:08","guid":{"rendered":"https:\/\/demo8.ecube.lv\/sezona.lv\/products\/stiga-tikls-match\/"},"modified":"2025-07-14T14:45:54","modified_gmt":"2025-07-14T11:45:54","slug":"stiga-tikls-match","status":"publish","type":"product","link":"https:\/\/sezona.lv\/en\/products\/stiga-tikls-match\/","title":{"rendered":"STIGA t\u012bkls Match"},"content":{"rendered":"<p>Zviedru firmas STIGA t\u012bkla komplekts.<\/p>\n<p>Piem\u0113rots visiem galdiem.<\/p>\n<p>STIGA  t\u012bklus izmanto Pasaules \u010dempion\u0101tos un Olimpiskaj\u0101s sp\u0113l\u0113s.<\/p>\n<p>T\u012bkls tika  speci\u0101li izgatavots, lai var\u0113tu \u0101tri un dro&scaron;i piestiprin\u0101t to pie galda.  Stabila t\u0113rauda konstrukcija nodro&scaron;ina augst\u0101ku kvalit\u0101ti. Stiprin\u0101jums  ar klipsi<\/p>\n","protected":false},"excerpt":{"rendered":"<p>Zviedru firmas STIGA t\u012bkla komplekts. Piem\u0113rots visiem galdiem. STIGA t\u012bklus izmanto Pasaules \u010dempion\u0101tos un Olimpiskaj\u0101s sp\u0113l\u0113s. T\u012bkls tika speci\u0101li izgatavots, lai var\u0113tu \u0101tri un dro&scaron;i piestiprin\u0101t to pie galda. Stabila t\u0113rauda konstrukcija nodro&scaron;ina augst\u0101ku kvalit\u0101ti. Stiprin\u0101jums ar klipsi<\/p>\n","protected":false},"featured_media":60066,"template":"","meta":[],"product_brand":[898],"product_cat":[4602,4635],"product_tag":[],"class_list":{"0":"post-76092","1":"product","2":"type-product","3":"status-publish","4":"has-post-thumbnail","6":"product_brand-stiga","7":"product_cat-summer-sports-sports","8":"product_cat-ping-pong-summer-sports-sports","10":"first","11":"instock","12":"shipping-taxable","13":"purchasable","14":"product-type-simple"},"_links":{"self":[{"href":"https:\/\/sezona.lv\/en\/wp-json\/wp\/v2\/product\/76092","targetHints":{"allow":["GET"]}}],"collection":[{"href":"https:\/\/sezona.lv\/en\/wp-json\/wp\/v2\/product"}],"about":[{"href":"https:\/\/sezona.lv\/en\/wp-json\/wp\/v2\/types\/product"}],"wp:featuredmedia":[{"embeddable":true,"href":"https:\/\/sezona.lv\/en\/wp-json\/wp\/v2\/media\/60066"}],"wp:attachment":[{"href":"https:\/\/sezona.lv\/en\/wp-json\/wp\/v2\/media?parent=76092"}],"wp:term":[{"taxonomy":"product_brand","embeddable":true,"href":"https:\/\/sezona.lv\/en\/wp-json\/wp\/v2\/product_brand?post=76092"},{"taxonomy":"product_cat","embeddable":true,"href":"https:\/\/sezona.lv\/en\/wp-json\/wp\/v2\/product_cat?post=76092"},{"taxonomy":"product_tag","embeddable":true,"href":"https:\/\/sezona.lv\/en\/wp-json\/wp\/v2\/product_tag?post=76092"}],"curies":[{"name":"wp","href":"https:\/\/api.w.org\/{rel}","templated":true}]}}