{"id":76094,"date":"2025-07-14T14:45:56","date_gmt":"2025-07-14T11:45:56","guid":{"rendered":"https:\/\/demo8.ecube.lv\/sezona.lv\/products\/stiga-tikls-master\/"},"modified":"2025-07-14T14:45:56","modified_gmt":"2025-07-14T11:45:56","slug":"stiga-tikls-master","status":"publish","type":"product","link":"https:\/\/sezona.lv\/en\/products\/stiga-tikls-master\/","title":{"rendered":"STIGA t\u012bkls Master"},"content":{"rendered":"<p>Materi\u0101ls: Neilona<\/p>\n<p>Stabila t\u0113rauda kosntrukcija, stiprin\u0101jums ar skr\u016bvi<\/p>\n","protected":false},"excerpt":{"rendered":"<p>Materi\u0101ls: Neilona Stabila t\u0113rauda kosntrukcija, stiprin\u0101jums ar skr\u016bvi<\/p>\n","protected":false},"featured_media":0,"template":"","meta":[],"product_brand":[898],"product_cat":[4602,4635],"product_tag":[],"class_list":{"0":"post-76094","1":"product","2":"type-product","3":"status-publish","5":"product_brand-stiga","6":"product_cat-summer-sports-sports","7":"product_cat-ping-pong-summer-sports-sports","9":"first","10":"instock","11":"shipping-taxable","12":"purchasable","13":"product-type-simple"},"_links":{"self":[{"href":"https:\/\/sezona.lv\/en\/wp-json\/wp\/v2\/product\/76094","targetHints":{"allow":["GET"]}}],"collection":[{"href":"https:\/\/sezona.lv\/en\/wp-json\/wp\/v2\/product"}],"about":[{"href":"https:\/\/sezona.lv\/en\/wp-json\/wp\/v2\/types\/product"}],"wp:attachment":[{"href":"https:\/\/sezona.lv\/en\/wp-json\/wp\/v2\/media?parent=76094"}],"wp:term":[{"taxonomy":"product_brand","embeddable":true,"href":"https:\/\/sezona.lv\/en\/wp-json\/wp\/v2\/product_brand?post=76094"},{"taxonomy":"product_cat","embeddable":true,"href":"https:\/\/sezona.lv\/en\/wp-json\/wp\/v2\/product_cat?post=76094"},{"taxonomy":"product_tag","embeddable":true,"href":"https:\/\/sezona.lv\/en\/wp-json\/wp\/v2\/product_tag?post=76094"}],"curies":[{"name":"wp","href":"https:\/\/api.w.org\/{rel}","templated":true}]}}