{"id":76095,"date":"2025-07-14T14:45:56","date_gmt":"2025-07-14T11:45:56","guid":{"rendered":"https:\/\/demo8.ecube.lv\/sezona.lv\/products\/stiga-tikls-pro-clip\/"},"modified":"2025-07-14T14:45:56","modified_gmt":"2025-07-14T11:45:56","slug":"stiga-tikls-pro-clip","status":"publish","type":"product","link":"https:\/\/sezona.lv\/en\/products\/stiga-tikls-pro-clip\/","title":{"rendered":"STIGA t\u012bkls Pro Clip"},"content":{"rendered":"<ul>\n<li><span id=\"saturosss\"> Augst\u0101k\u0101s kvalit\u0101tes kokvilnas t\u012bkls ar stiprin\u0101jumiem.<\/span><\/li>\n<li><span id=\"saturosss\">\u012apa&scaron;i nostiprin\u0101ts t\u012bkls.<\/span><\/li>\n<li><span id=\"saturosss\">Zils kokvilna t\u012bkls.<\/span><\/li>\n<\/ul>\n","protected":false},"excerpt":{"rendered":"<p>Augst\u0101k\u0101s kvalit\u0101tes kokvilnas t\u012bkls ar stiprin\u0101jumiem. \u012apa&scaron;i nostiprin\u0101ts t\u012bkls. Zils kokvilna t\u012bkls.<\/p>\n","protected":false},"featured_media":0,"template":"","meta":[],"product_brand":[898],"product_cat":[4602,4635],"product_tag":[],"class_list":{"0":"post-76095","1":"product","2":"type-product","3":"status-publish","5":"product_brand-stiga","6":"product_cat-summer-sports-sports","7":"product_cat-ping-pong-summer-sports-sports","9":"first","10":"instock","11":"shipping-taxable","12":"purchasable","13":"product-type-simple"},"_links":{"self":[{"href":"https:\/\/sezona.lv\/en\/wp-json\/wp\/v2\/product\/76095","targetHints":{"allow":["GET"]}}],"collection":[{"href":"https:\/\/sezona.lv\/en\/wp-json\/wp\/v2\/product"}],"about":[{"href":"https:\/\/sezona.lv\/en\/wp-json\/wp\/v2\/types\/product"}],"wp:attachment":[{"href":"https:\/\/sezona.lv\/en\/wp-json\/wp\/v2\/media?parent=76095"}],"wp:term":[{"taxonomy":"product_brand","embeddable":true,"href":"https:\/\/sezona.lv\/en\/wp-json\/wp\/v2\/product_brand?post=76095"},{"taxonomy":"product_cat","embeddable":true,"href":"https:\/\/sezona.lv\/en\/wp-json\/wp\/v2\/product_cat?post=76095"},{"taxonomy":"product_tag","embeddable":true,"href":"https:\/\/sezona.lv\/en\/wp-json\/wp\/v2\/product_tag?post=76095"}],"curies":[{"name":"wp","href":"https:\/\/api.w.org\/{rel}","templated":true}]}}