{"id":76096,"date":"2025-07-14T14:45:57","date_gmt":"2025-07-14T11:45:57","guid":{"rendered":"https:\/\/demo8.ecube.lv\/sezona.lv\/products\/stiga-tikls-premium-clip\/"},"modified":"2025-07-14T14:45:57","modified_gmt":"2025-07-14T11:45:57","slug":"stiga-tikls-premium-clip","status":"publish","type":"product","link":"https:\/\/sezona.lv\/en\/products\/stiga-tikls-premium-clip\/","title":{"rendered":"STIGA t\u012bkls Premium Clip"},"content":{"rendered":"<ul>\n<li><span id=\"saturosss\">&nbsp;Starptautisk\u0101s Galda Tenisa feder\u0101cijas sac\u012bk&scaron;u t\u012bkls.<\/span><\/li>\n<li><span id=\"saturosss\">&nbsp;Augstas kvalit\u0101tes kokvilnas t\u012bkls.<\/span><\/li>\n<li><span id=\"saturosss\">&nbsp;Viens no iztur\u012bg\u0101kajiem un elast\u012bg\u0101kajiem Stigas t\u012bkliem.<\/span><\/li>\n<li><span id=\"saturosss\">&nbsp;Kr\u0101sa: Zila.<br \/> <\/span><\/li>\n<\/ul>\n","protected":false},"excerpt":{"rendered":"<p>&nbsp;Starptautisk\u0101s Galda Tenisa feder\u0101cijas sac\u012bk&scaron;u t\u012bkls. &nbsp;Augstas kvalit\u0101tes kokvilnas t\u012bkls. &nbsp;Viens no iztur\u012bg\u0101kajiem un elast\u012bg\u0101kajiem Stigas t\u012bkliem. &nbsp;Kr\u0101sa: Zila.<\/p>\n","protected":false},"featured_media":0,"template":"","meta":[],"product_brand":[898],"product_cat":[4602,4635],"product_tag":[],"class_list":{"0":"post-76096","1":"product","2":"type-product","3":"status-publish","5":"product_brand-stiga","6":"product_cat-summer-sports-sports","7":"product_cat-ping-pong-summer-sports-sports","9":"first","10":"instock","11":"shipping-taxable","12":"purchasable","13":"product-type-simple"},"_links":{"self":[{"href":"https:\/\/sezona.lv\/en\/wp-json\/wp\/v2\/product\/76096","targetHints":{"allow":["GET"]}}],"collection":[{"href":"https:\/\/sezona.lv\/en\/wp-json\/wp\/v2\/product"}],"about":[{"href":"https:\/\/sezona.lv\/en\/wp-json\/wp\/v2\/types\/product"}],"wp:attachment":[{"href":"https:\/\/sezona.lv\/en\/wp-json\/wp\/v2\/media?parent=76096"}],"wp:term":[{"taxonomy":"product_brand","embeddable":true,"href":"https:\/\/sezona.lv\/en\/wp-json\/wp\/v2\/product_brand?post=76096"},{"taxonomy":"product_cat","embeddable":true,"href":"https:\/\/sezona.lv\/en\/wp-json\/wp\/v2\/product_cat?post=76096"},{"taxonomy":"product_tag","embeddable":true,"href":"https:\/\/sezona.lv\/en\/wp-json\/wp\/v2\/product_tag?post=76096"}],"curies":[{"name":"wp","href":"https:\/\/api.w.org\/{rel}","templated":true}]}}