{"id":76097,"date":"2025-07-14T14:45:58","date_gmt":"2025-07-14T11:45:58","guid":{"rendered":"https:\/\/demo8.ecube.lv\/sezona.lv\/products\/stiga-tikls-premium-vm\/"},"modified":"2025-07-14T14:45:58","modified_gmt":"2025-07-14T11:45:58","slug":"stiga-tikls-premium-vm","status":"publish","type":"product","link":"https:\/\/sezona.lv\/en\/products\/stiga-tikls-premium-vm\/","title":{"rendered":"STIGA t\u012bkls Premium VM"},"content":{"rendered":"<ul>\n<li><span id=\"saturosss\">&nbsp; Notur\u012bgs, ar ilgu kalpo&scaron;anas laiku<\/span><\/li>\n<li><span id=\"saturosss\">&nbsp; Tradicion\u0101la stiprin\u0101&scaron;anas sist\u0113ma ar skr\u016bv\u0113m<\/span><\/li>\n<li><span id=\"saturosss\">&nbsp; Regul\u0113jams stingrums<\/span><\/li>\n<li><span id=\"saturosss\">&nbsp; Regul\u0113jams augstums<\/span><\/li>\n<li><span id=\"saturosss\">&nbsp; T\u012bkla materi\u0101ls: kokvilna<\/span><\/li>\n<li><span id=\"saturosss\">&nbsp; ITTF apstiprin\u0101ts<\/span><\/li>\n<\/ul>\n","protected":false},"excerpt":{"rendered":"<p>&nbsp; Notur\u012bgs, ar ilgu kalpo&scaron;anas laiku &nbsp; Tradicion\u0101la stiprin\u0101&scaron;anas sist\u0113ma ar skr\u016bv\u0113m &nbsp; Regul\u0113jams stingrums &nbsp; Regul\u0113jams augstums &nbsp; T\u012bkla materi\u0101ls: kokvilna &nbsp; ITTF apstiprin\u0101ts<\/p>\n","protected":false},"featured_media":0,"template":"","meta":[],"product_brand":[898],"product_cat":[4602,4635],"product_tag":[],"class_list":{"0":"post-76097","1":"product","2":"type-product","3":"status-publish","5":"product_brand-stiga","6":"product_cat-summer-sports-sports","7":"product_cat-ping-pong-summer-sports-sports","9":"first","10":"instock","11":"shipping-taxable","12":"purchasable","13":"product-type-simple"},"_links":{"self":[{"href":"https:\/\/sezona.lv\/en\/wp-json\/wp\/v2\/product\/76097","targetHints":{"allow":["GET"]}}],"collection":[{"href":"https:\/\/sezona.lv\/en\/wp-json\/wp\/v2\/product"}],"about":[{"href":"https:\/\/sezona.lv\/en\/wp-json\/wp\/v2\/types\/product"}],"wp:attachment":[{"href":"https:\/\/sezona.lv\/en\/wp-json\/wp\/v2\/media?parent=76097"}],"wp:term":[{"taxonomy":"product_brand","embeddable":true,"href":"https:\/\/sezona.lv\/en\/wp-json\/wp\/v2\/product_brand?post=76097"},{"taxonomy":"product_cat","embeddable":true,"href":"https:\/\/sezona.lv\/en\/wp-json\/wp\/v2\/product_cat?post=76097"},{"taxonomy":"product_tag","embeddable":true,"href":"https:\/\/sezona.lv\/en\/wp-json\/wp\/v2\/product_tag?post=76097"}],"curies":[{"name":"wp","href":"https:\/\/api.w.org\/{rel}","templated":true}]}}