{"id":76098,"date":"2025-07-11T15:38:14","date_gmt":"2025-07-11T12:38:14","guid":{"rendered":"https:\/\/demo8.ecube.lv\/sezona.lv\/products\/stiga-cehols-raketem-style-maxi-2-raketem-melns-oranzs\/"},"modified":"2025-07-14T14:45:59","modified_gmt":"2025-07-14T11:45:59","slug":"stiga-cehols-raketem-style-maxi-2-raketem-melns-oranzs","status":"publish","type":"product","link":"https:\/\/sezona.lv\/en\/products\/stiga-cehols-raketem-style-maxi-2-raketem-melns-oranzs\/","title":{"rendered":"STIGA \u010dehols raket\u0113m Style maxi (2 raket\u0113m), melns\/oran\u017es"},"content":{"rendered":"<ul>\n<li>Paredz\u0113ta 2 raket\u0113m<\/li>\n<\/ul>\n","protected":false},"excerpt":{"rendered":"<p>Paredz\u0113ta 2 raket\u0113m<\/p>\n","protected":false},"featured_media":60072,"template":"","meta":[],"product_brand":[898],"product_cat":[4602,4635],"product_tag":[],"class_list":{"0":"post-76098","1":"product","2":"type-product","3":"status-publish","4":"has-post-thumbnail","6":"product_brand-stiga","7":"product_cat-summer-sports-sports","8":"product_cat-ping-pong-summer-sports-sports","10":"first","11":"instock","12":"shipping-taxable","13":"purchasable","14":"product-type-simple"},"_links":{"self":[{"href":"https:\/\/sezona.lv\/en\/wp-json\/wp\/v2\/product\/76098","targetHints":{"allow":["GET"]}}],"collection":[{"href":"https:\/\/sezona.lv\/en\/wp-json\/wp\/v2\/product"}],"about":[{"href":"https:\/\/sezona.lv\/en\/wp-json\/wp\/v2\/types\/product"}],"wp:featuredmedia":[{"embeddable":true,"href":"https:\/\/sezona.lv\/en\/wp-json\/wp\/v2\/media\/60072"}],"wp:attachment":[{"href":"https:\/\/sezona.lv\/en\/wp-json\/wp\/v2\/media?parent=76098"}],"wp:term":[{"taxonomy":"product_brand","embeddable":true,"href":"https:\/\/sezona.lv\/en\/wp-json\/wp\/v2\/product_brand?post=76098"},{"taxonomy":"product_cat","embeddable":true,"href":"https:\/\/sezona.lv\/en\/wp-json\/wp\/v2\/product_cat?post=76098"},{"taxonomy":"product_tag","embeddable":true,"href":"https:\/\/sezona.lv\/en\/wp-json\/wp\/v2\/product_tag?post=76098"}],"curies":[{"name":"wp","href":"https:\/\/api.w.org\/{rel}","templated":true}]}}