{"id":76099,"date":"2025-07-11T15:38:15","date_gmt":"2025-07-11T12:38:15","guid":{"rendered":"https:\/\/demo8.ecube.lv\/sezona.lv\/products\/stiga-tenisa-galds-basic-roller\/"},"modified":"2025-07-14T14:46:00","modified_gmt":"2025-07-14T11:46:00","slug":"stiga-tenisa-galds-basic-roller","status":"publish","type":"product","link":"https:\/\/sezona.lv\/en\/products\/stiga-tenisa-galds-basic-roller\/","title":{"rendered":"STIGA tenisa galds Basic Roller"},"content":{"rendered":"<ul>\n<\/ul>\n<p>Tenisa galds uz riten\u012b&scaron;iem, ar met\u0101la r\u0101mi. lieto&scaron;anai telp\u0101s. Safety  Bar sist\u0113ma &mdash;&nbsp; nepie\u013caujs, lai b\u0113rns iesprustu starp galda virsm\u0101m. Ir  rake&scaron;u un bumbi\u0146u tur\u0113t\u0101js. P\u0101rvietojams uz rite\u0146iem.<\/p>\n<p>Klase: D-Amatieru<\/p>\n<p>Atbilst Eiropas standartiem: EN 14468-1<\/p>\n<p>Svars: 65kg<\/p>\n<p>Virsma: 16mm<\/p>\n<p>Salikta galda izm\u0113ri: 184&#215;66.5&#215;187 cm<\/p>\n<p>Komplekt\u0101cija: t\u012bkls komplet\u0101<\/p>\n<ul>\n<\/ul>\n","protected":false},"excerpt":{"rendered":"<p>Tenisa galds uz riten\u012b&scaron;iem, ar met\u0101la r\u0101mi. lieto&scaron;anai telp\u0101s. Safety Bar sist\u0113ma &mdash;&nbsp; nepie\u013caujs, lai b\u0113rns iesprustu starp galda virsm\u0101m. Ir rake&scaron;u un bumbi\u0146u tur\u0113t\u0101js. P\u0101rvietojams uz rite\u0146iem. Klase: D-Amatieru Atbilst Eiropas standartiem: EN 14468-1 Svars: 65kg Virsma: 16mm Salikta galda izm\u0113ri: 184&#215;66.5&#215;187 cm Komplekt\u0101cija: t\u012bkls komplet\u0101<\/p>\n","protected":false},"featured_media":60075,"template":"","meta":[],"product_brand":[898],"product_cat":[4602,4635],"product_tag":[],"class_list":{"0":"post-76099","1":"product","2":"type-product","3":"status-publish","4":"has-post-thumbnail","6":"product_brand-stiga","7":"product_cat-summer-sports-sports","8":"product_cat-ping-pong-summer-sports-sports","10":"first","11":"instock","12":"shipping-taxable","13":"purchasable","14":"product-type-simple"},"_links":{"self":[{"href":"https:\/\/sezona.lv\/en\/wp-json\/wp\/v2\/product\/76099","targetHints":{"allow":["GET"]}}],"collection":[{"href":"https:\/\/sezona.lv\/en\/wp-json\/wp\/v2\/product"}],"about":[{"href":"https:\/\/sezona.lv\/en\/wp-json\/wp\/v2\/types\/product"}],"wp:featuredmedia":[{"embeddable":true,"href":"https:\/\/sezona.lv\/en\/wp-json\/wp\/v2\/media\/60075"}],"wp:attachment":[{"href":"https:\/\/sezona.lv\/en\/wp-json\/wp\/v2\/media?parent=76099"}],"wp:term":[{"taxonomy":"product_brand","embeddable":true,"href":"https:\/\/sezona.lv\/en\/wp-json\/wp\/v2\/product_brand?post=76099"},{"taxonomy":"product_cat","embeddable":true,"href":"https:\/\/sezona.lv\/en\/wp-json\/wp\/v2\/product_cat?post=76099"},{"taxonomy":"product_tag","embeddable":true,"href":"https:\/\/sezona.lv\/en\/wp-json\/wp\/v2\/product_tag?post=76099"}],"curies":[{"name":"wp","href":"https:\/\/api.w.org\/{rel}","templated":true}]}}