{"id":76102,"date":"2025-07-11T15:38:18","date_gmt":"2025-07-11T12:38:18","guid":{"rendered":"https:\/\/demo8.ecube.lv\/sezona.lv\/products\/stiga-tenisa-galds-elite-roller-advance\/"},"modified":"2025-07-14T14:46:05","modified_gmt":"2025-07-14T11:46:05","slug":"stiga-tenisa-galds-elite-roller-advance","status":"publish","type":"product","link":"https:\/\/sezona.lv\/en\/products\/stiga-tenisa-galds-elite-roller-advance\/","title":{"rendered":"STIGA tenisa galds Elite Roller Advance"},"content":{"rendered":"<p>Galds ar parametriem, kas ir \u013coti tuvu profesion\u0101lam galdam.  Patent\u0113ta CSS sist\u0113ma (Compact Storage System &#8211; Kompakt\u0101 Glab\u0101&scaron;anas  Sist\u0113ma) un Patent System For Unlocking (Pavelkot met\u0101la rokturi, kas ir  pievienots vadam, dro&scaron;\u012bbas ier\u012bces tiks atbr\u012bvotas un galdu var  novietot sp\u0113l\u0113&scaron;anas poz\u012bcij\u0101.)&nbsp; P\u0101rvietojas uz asto\u0146iem rite\u0146iem (pa 4  no katras galdas puses), visi rite\u0146i manevr\u0113jamie, ir fiks\u0101cija.<\/p>\n<p>&nbsp;<\/p>\n<p>Klase: B-Skolu, klubu sports<\/p>\n<p>Atbilst Eiropas standartiem: EN 14468-1<\/p>\n<p>Svars: 103kg<\/p>\n<p>Virsma: 22mm \/ met\u0101la apmale 60 mm<\/p>\n<p>Salikta galda izm\u0113ri: 152.5x60x172 cm<\/p>\n","protected":false},"excerpt":{"rendered":"<p>Galds ar parametriem, kas ir \u013coti tuvu profesion\u0101lam galdam. Patent\u0113ta CSS sist\u0113ma (Compact Storage System &#8211; Kompakt\u0101 Glab\u0101&scaron;anas Sist\u0113ma) un Patent System For Unlocking (Pavelkot met\u0101la rokturi, kas ir pievienots vadam, dro&scaron;\u012bbas ier\u012bces tiks atbr\u012bvotas un galdu var novietot sp\u0113l\u0113&scaron;anas poz\u012bcij\u0101.)&nbsp; P\u0101rvietojas uz asto\u0146iem rite\u0146iem (pa 4 no katras galdas puses), visi rite\u0146i manevr\u0113jamie, ir [&hellip;]<\/p>\n","protected":false},"featured_media":60084,"template":"","meta":[],"product_brand":[898],"product_cat":[4602,4635],"product_tag":[],"class_list":{"0":"post-76102","1":"product","2":"type-product","3":"status-publish","4":"has-post-thumbnail","6":"product_brand-stiga","7":"product_cat-summer-sports-sports","8":"product_cat-ping-pong-summer-sports-sports","10":"first","11":"instock","12":"shipping-taxable","13":"purchasable","14":"product-type-simple"},"_links":{"self":[{"href":"https:\/\/sezona.lv\/en\/wp-json\/wp\/v2\/product\/76102","targetHints":{"allow":["GET"]}}],"collection":[{"href":"https:\/\/sezona.lv\/en\/wp-json\/wp\/v2\/product"}],"about":[{"href":"https:\/\/sezona.lv\/en\/wp-json\/wp\/v2\/types\/product"}],"wp:featuredmedia":[{"embeddable":true,"href":"https:\/\/sezona.lv\/en\/wp-json\/wp\/v2\/media\/60084"}],"wp:attachment":[{"href":"https:\/\/sezona.lv\/en\/wp-json\/wp\/v2\/media?parent=76102"}],"wp:term":[{"taxonomy":"product_brand","embeddable":true,"href":"https:\/\/sezona.lv\/en\/wp-json\/wp\/v2\/product_brand?post=76102"},{"taxonomy":"product_cat","embeddable":true,"href":"https:\/\/sezona.lv\/en\/wp-json\/wp\/v2\/product_cat?post=76102"},{"taxonomy":"product_tag","embeddable":true,"href":"https:\/\/sezona.lv\/en\/wp-json\/wp\/v2\/product_tag?post=76102"}],"curies":[{"name":"wp","href":"https:\/\/api.w.org\/{rel}","templated":true}]}}