{"id":76106,"date":"2025-07-11T15:38:23","date_gmt":"2025-07-11T12:38:23","guid":{"rendered":"https:\/\/demo8.ecube.lv\/sezona.lv\/products\/bauer-supreme-one60-sr\/"},"modified":"2025-07-14T14:46:09","modified_gmt":"2025-07-14T11:46:09","slug":"bauer-supreme-one60-sr","status":"publish","type":"product","link":"https:\/\/sezona.lv\/en\/products\/bauer-supreme-one60-sr\/","title":{"rendered":"Bauer SUPREME ONE60 SR"},"content":{"rendered":"<div>\n<p><span style=\"font-size: xx-small\">Izm\u0113ri: 6-12<\/span><\/p>\n<table style=\"height: 173px\" border=\"1\" width=\"850\">\n<tbody>\n<tr>\n<td width=\"149\" height=\"25\" align=\"center\" bgcolor=\"#C0C0C0\">Skate Size<\/td>\n<td width=\"54\" height=\"25\" align=\"center\" bgcolor=\"#C0C0C0\">6.0<\/td>\n<td width=\"54\" height=\"25\" align=\"center\" bgcolor=\"#C0C0C0\">6.5<\/td>\n<td width=\"54\" height=\"25\" align=\"center\" bgcolor=\"#C0C0C0\">7.0<\/td>\n<td width=\"54\" height=\"25\" align=\"center\" bgcolor=\"#C0C0C0\">7.5<\/td>\n<td width=\"54\" height=\"25\" align=\"center\" bgcolor=\"#C0C0C0\">8.0<\/td>\n<td width=\"54\" height=\"25\" align=\"center\" bgcolor=\"#C0C0C0\">8.5<\/td>\n<td width=\"54\" height=\"25\" align=\"center\" bgcolor=\"#C0C0C0\">9.0<\/td>\n<td width=\"54\" height=\"25\" align=\"center\" bgcolor=\"#C0C0C0\">9.5<\/td>\n<td width=\"54\" height=\"25\" align=\"center\" bgcolor=\"#C0C0C0\">10.0<\/td>\n<td width=\"55\" height=\"25\" align=\"center\" bgcolor=\"#C0C0C0\">10.5<\/td>\n<td width=\"55\" height=\"25\" align=\"center\" bgcolor=\"#C0C0C0\">11.0<\/td>\n<td width=\"55\" height=\"25\" align=\"center\" bgcolor=\"#C0C0C0\">11.5<\/td>\n<td width=\"55\" height=\"25\" align=\"center\" bgcolor=\"#C0C0C0\">12.0<\/td>\n<\/tr>\n<tr>\n<td width=\"149\" height=\"25\" align=\"center\">US Men&#8217;s Shoe Size<\/td>\n<td width=\"54\" height=\"25\" align=\"center\">7.5<\/td>\n<td width=\"54\" height=\"25\" align=\"center\">8.0<\/td>\n<td width=\"54\" height=\"25\" align=\"center\">8.5<\/td>\n<td width=\"54\" height=\"25\" align=\"center\">9.5<\/td>\n<td width=\"54\" height=\"25\" align=\"center\">9.5<\/td>\n<td width=\"54\" height=\"25\" align=\"center\">10.0<\/td>\n<td width=\"54\" height=\"25\" align=\"center\">10.5<\/td>\n<td width=\"54\" height=\"25\" align=\"center\">11.0<\/td>\n<td width=\"54\" height=\"25\" align=\"center\">11.5<\/td>\n<td width=\"55\" height=\"25\" align=\"center\">12.0<\/td>\n<td width=\"55\" height=\"25\" align=\"center\">12.5<\/td>\n<td width=\"55\" height=\"25\" align=\"center\">13.0<\/td>\n<td width=\"55\" height=\"25\" align=\"center\">13.5<\/td>\n<\/tr>\n<tr>\n<td width=\"149\" height=\"25\" align=\"center\">EUR Shoe Size<\/td>\n<td width=\"54\" height=\"25\" align=\"center\">40.5<\/td>\n<td width=\"54\" height=\"25\" align=\"center\">41.0<\/td>\n<td width=\"54\" height=\"25\" align=\"center\">42.0<\/td>\n<td width=\"54\" height=\"25\" align=\"center\">42.5<\/td>\n<td width=\"54\" height=\"25\" align=\"center\">43.0<\/td>\n<td width=\"54\" height=\"25\" align=\"center\">44.0<\/td>\n<td width=\"54\" height=\"25\" align=\"center\">44.5<\/td>\n<td width=\"54\" height=\"25\" align=\"center\">45.0<\/td>\n<td width=\"54\" height=\"25\" align=\"center\">45.5<\/td>\n<td width=\"55\" height=\"25\" align=\"center\">46.0<\/td>\n<td width=\"55\" height=\"25\" align=\"center\">47.0<\/td>\n<td width=\"55\" height=\"25\" align=\"center\">47.5<\/td>\n<td width=\"55\" height=\"25\" align=\"center\">48.0<\/td>\n<\/tr>\n<tr>\n<td width=\"149\" height=\"25\" align=\"center\">UK Men&#8217;s Shoe Size<\/td>\n<td width=\"54\" height=\"25\" align=\"center\">6.5<\/td>\n<td width=\"54\" height=\"25\" align=\"center\">7.0<\/td>\n<td width=\"54\" height=\"25\" align=\"center\">7.5<\/td>\n<td width=\"54\" height=\"25\" align=\"center\">8.0<\/td>\n<td width=\"54\" height=\"25\" align=\"center\">8.5<\/td>\n<td width=\"54\" height=\"25\" align=\"center\">9.5<\/td>\n<td width=\"54\" height=\"25\" align=\"center\">9.5<\/td>\n<td width=\"54\" height=\"25\" align=\"center\">10.0<\/td>\n<td width=\"54\" height=\"25\" align=\"center\">10.5<\/td>\n<td width=\"55\" height=\"25\" align=\"center\">11.0<\/td>\n<td width=\"55\" height=\"25\" align=\"center\">11.5<\/td>\n<td width=\"55\" height=\"25\" align=\"center\">12.0<\/td>\n<td width=\"55\" height=\"25\" align=\"center\">12.5<\/td>\n<\/tr>\n<\/tbody>\n<\/table>\n<p><span style=\"font-size: xx-small\">Profesion\u0101laj\u0101m slid\u0101m ir ar\u012b slidu platumi, 2E un D!<\/span><\/p>\n<p><span style=\"font-size: xx-small\">2E platums- piem\u0113rots platajai p\u0113dai<\/span><\/p>\n<p><span style=\"font-size: xx-small\">D platums- piem\u0113rots &scaron;aurajai p\u0113dai<\/span><\/p>\n<\/div>\n","protected":false},"excerpt":{"rendered":"<p>Izm\u0113ri: 6-12 Skate Size 6.0 6.5 7.0 7.5 8.0 8.5 9.0 9.5 10.0 10.5 11.0 11.5 12.0 US Men&#8217;s Shoe Size 7.5 8.0 8.5 9.5 9.5 10.0 10.5 11.0 11.5 12.0 12.5 13.0 13.5 EUR Shoe Size 40.5 41.0 42.0 42.5 43.0 44.0 44.5 45.0 45.5 46.0 47.0 47.5 48.0 UK Men&#8217;s Shoe Size 6.5 [&hellip;]<\/p>\n","protected":false},"featured_media":60100,"template":"","meta":[],"product_brand":[910],"product_cat":[4602,4603],"product_tag":[],"class_list":{"0":"post-76106","1":"product","2":"type-product","3":"status-publish","4":"has-post-thumbnail","6":"product_brand-bauer","7":"product_cat-summer-sports-sports","8":"product_cat-ice-hockey-winter-sports","10":"first","11":"instock","12":"shipping-taxable","13":"purchasable","14":"product-type-simple"},"_links":{"self":[{"href":"https:\/\/sezona.lv\/en\/wp-json\/wp\/v2\/product\/76106","targetHints":{"allow":["GET"]}}],"collection":[{"href":"https:\/\/sezona.lv\/en\/wp-json\/wp\/v2\/product"}],"about":[{"href":"https:\/\/sezona.lv\/en\/wp-json\/wp\/v2\/types\/product"}],"wp:featuredmedia":[{"embeddable":true,"href":"https:\/\/sezona.lv\/en\/wp-json\/wp\/v2\/media\/60100"}],"wp:attachment":[{"href":"https:\/\/sezona.lv\/en\/wp-json\/wp\/v2\/media?parent=76106"}],"wp:term":[{"taxonomy":"product_brand","embeddable":true,"href":"https:\/\/sezona.lv\/en\/wp-json\/wp\/v2\/product_brand?post=76106"},{"taxonomy":"product_cat","embeddable":true,"href":"https:\/\/sezona.lv\/en\/wp-json\/wp\/v2\/product_cat?post=76106"},{"taxonomy":"product_tag","embeddable":true,"href":"https:\/\/sezona.lv\/en\/wp-json\/wp\/v2\/product_tag?post=76106"}],"curies":[{"name":"wp","href":"https:\/\/api.w.org\/{rel}","templated":true}]}}