{"id":76107,"date":"2025-07-11T15:38:27","date_gmt":"2025-07-11T12:38:27","guid":{"rendered":"https:\/\/demo8.ecube.lv\/sezona.lv\/products\/dumu-kupinatava-200l\/"},"modified":"2025-07-14T14:46:10","modified_gmt":"2025-07-14T11:46:10","slug":"dumu-kupinatava-200l","status":"publish","type":"product","link":"https:\/\/sezona.lv\/en\/products\/dumu-kupinatava-200l\/","title":{"rendered":"D\u016bmu k\u016bpin\u0101tava  200l"},"content":{"rendered":"<p>D\u016bmu k\u016bpin\u0101tava:<\/p>\n<p>200litri<br \/>Izm\u0113ri &#8211; 60 x60 x 110 cm<br \/> Svars &#8211; 50 Kg<\/p>\n<p>Darbojas ar malku, d\u016bmi rodas degot malkai.<br \/>Izmantojama m\u0101jsaimniec\u012bbas, kempingos, akt\u012bv\u0101 t\u016brisma objektos, kas saist\u012bti ar mak&scaron;\u0137er\u0113&scaron;anu un atp\u016btu pie dabas.<\/p>\n<p>&nbsp;<\/p>\n","protected":false},"excerpt":{"rendered":"<p>D\u016bmu k\u016bpin\u0101tava: 200litriIzm\u0113ri &#8211; 60 x60 x 110 cm Svars &#8211; 50 Kg Darbojas ar malku, d\u016bmi rodas degot malkai.Izmantojama m\u0101jsaimniec\u012bbas, kempingos, akt\u012bv\u0101 t\u016brisma objektos, kas saist\u012bti ar mak&scaron;\u0137er\u0113&scaron;anu un atp\u016btu pie dabas. &nbsp;<\/p>\n","protected":false},"featured_media":60103,"template":"","meta":[],"product_brand":[],"product_cat":[4631,4763],"product_tag":[],"class_list":{"0":"post-76107","1":"product","2":"type-product","3":"status-publish","4":"has-post-thumbnail","6":"product_cat-summer-seasonal-items","7":"product_cat-smoke-houses-summer-seasonal-items","9":"first","10":"instock","11":"shipping-taxable","12":"purchasable","13":"product-type-simple"},"_links":{"self":[{"href":"https:\/\/sezona.lv\/en\/wp-json\/wp\/v2\/product\/76107","targetHints":{"allow":["GET"]}}],"collection":[{"href":"https:\/\/sezona.lv\/en\/wp-json\/wp\/v2\/product"}],"about":[{"href":"https:\/\/sezona.lv\/en\/wp-json\/wp\/v2\/types\/product"}],"wp:featuredmedia":[{"embeddable":true,"href":"https:\/\/sezona.lv\/en\/wp-json\/wp\/v2\/media\/60103"}],"wp:attachment":[{"href":"https:\/\/sezona.lv\/en\/wp-json\/wp\/v2\/media?parent=76107"}],"wp:term":[{"taxonomy":"product_brand","embeddable":true,"href":"https:\/\/sezona.lv\/en\/wp-json\/wp\/v2\/product_brand?post=76107"},{"taxonomy":"product_cat","embeddable":true,"href":"https:\/\/sezona.lv\/en\/wp-json\/wp\/v2\/product_cat?post=76107"},{"taxonomy":"product_tag","embeddable":true,"href":"https:\/\/sezona.lv\/en\/wp-json\/wp\/v2\/product_tag?post=76107"}],"curies":[{"name":"wp","href":"https:\/\/api.w.org\/{rel}","templated":true}]}}