{"id":76108,"date":"2025-07-14T14:46:11","date_gmt":"2025-07-14T11:46:11","guid":{"rendered":"https:\/\/demo8.ecube.lv\/sezona.lv\/products\/dumu-kupinatava-100l\/"},"modified":"2025-07-14T14:46:11","modified_gmt":"2025-07-14T11:46:11","slug":"dumu-kupinatava-100l","status":"publish","type":"product","link":"https:\/\/sezona.lv\/en\/products\/dumu-kupinatava-100l\/","title":{"rendered":"D\u016bmu k\u016bpin\u0101tava 100l"},"content":{"rendered":"<p>D\u016bmu k\u016bpin\u0101tava:<br \/> Izm\u0113rs &ndash; 100litri<br \/> Darbojas ar malku,<br \/> d\u016bmi rodas degot<br \/> malkai.<br \/> Izmantojama<br \/> m\u0101jsaimniec\u012bbas,<br \/> kempingos, akt\u012bv\u0101<br \/> t\u016brisma objektos,<br \/> kas saist\u012bti ar<br \/> mak&scaron;\u0137er\u0113&scaron;anu un<br \/> atp\u016btu pie dabas.<\/p>\n<p>&nbsp;<\/p>\n","protected":false},"excerpt":{"rendered":"<p>D\u016bmu k\u016bpin\u0101tava: Izm\u0113rs &ndash; 100litri Darbojas ar malku, d\u016bmi rodas degot malkai. Izmantojama m\u0101jsaimniec\u012bbas, kempingos, akt\u012bv\u0101 t\u016brisma objektos, kas saist\u012bti ar mak&scaron;\u0137er\u0113&scaron;anu un atp\u016btu pie dabas. &nbsp;<\/p>\n","protected":false},"featured_media":0,"template":"","meta":[],"product_brand":[],"product_cat":[4631,4763],"product_tag":[],"class_list":{"0":"post-76108","1":"product","2":"type-product","3":"status-publish","5":"product_cat-summer-seasonal-items","6":"product_cat-smoke-houses-summer-seasonal-items","8":"first","9":"instock","10":"shipping-taxable","11":"purchasable","12":"product-type-simple"},"_links":{"self":[{"href":"https:\/\/sezona.lv\/en\/wp-json\/wp\/v2\/product\/76108","targetHints":{"allow":["GET"]}}],"collection":[{"href":"https:\/\/sezona.lv\/en\/wp-json\/wp\/v2\/product"}],"about":[{"href":"https:\/\/sezona.lv\/en\/wp-json\/wp\/v2\/types\/product"}],"wp:attachment":[{"href":"https:\/\/sezona.lv\/en\/wp-json\/wp\/v2\/media?parent=76108"}],"wp:term":[{"taxonomy":"product_brand","embeddable":true,"href":"https:\/\/sezona.lv\/en\/wp-json\/wp\/v2\/product_brand?post=76108"},{"taxonomy":"product_cat","embeddable":true,"href":"https:\/\/sezona.lv\/en\/wp-json\/wp\/v2\/product_cat?post=76108"},{"taxonomy":"product_tag","embeddable":true,"href":"https:\/\/sezona.lv\/en\/wp-json\/wp\/v2\/product_tag?post=76108"}],"curies":[{"name":"wp","href":"https:\/\/api.w.org\/{rel}","templated":true}]}}