{"id":76109,"date":"2025-07-14T14:46:11","date_gmt":"2025-07-14T11:46:11","guid":{"rendered":"https:\/\/demo8.ecube.lv\/sezona.lv\/products\/portativa-kupinatava-45l\/"},"modified":"2025-07-14T14:46:11","modified_gmt":"2025-07-14T11:46:11","slug":"portativa-kupinatava-45l","status":"publish","type":"product","link":"https:\/\/sezona.lv\/en\/products\/portativa-kupinatava-45l\/","title":{"rendered":"Portat\u012bv\u0101 k\u016bpin\u0101tava 45l"},"content":{"rendered":"<p>Portat\u012bv\u0101 k\u016bpin\u0101tava:<\/p>\n<p>Darbojas ar malku<\/p>\n<p>Izmantojama<br \/>m\u0101jsaimniec\u012bbas,<br \/>kempingos, akt\u012bv\u0101<br \/>t\u016brisma objektos,<br \/>kas saist\u012bti ar<br \/>mak&scaron;\u0137er\u0113&scaron;anu un<br \/>atp\u016btu pie dabas.<\/p>\n<p>45litri<\/p>\n<p>39.0 x 30.0 x 45.0 cm<\/p>\n","protected":false},"excerpt":{"rendered":"<p>Portat\u012bv\u0101 k\u016bpin\u0101tava: Darbojas ar malku Izmantojamam\u0101jsaimniec\u012bbas,kempingos, akt\u012bv\u0101t\u016brisma objektos,kas saist\u012bti armak&scaron;\u0137er\u0113&scaron;anu unatp\u016btu pie dabas. 45litri 39.0 x 30.0 x 45.0 cm<\/p>\n","protected":false},"featured_media":0,"template":"","meta":[],"product_brand":[],"product_cat":[4629,4631,4763],"product_tag":[],"class_list":{"0":"post-76109","1":"product","2":"type-product","3":"status-publish","5":"product_cat-seasonal-items","6":"product_cat-summer-seasonal-items","7":"product_cat-smoke-houses-summer-seasonal-items","9":"first","10":"instock","11":"shipping-taxable","12":"purchasable","13":"product-type-simple"},"_links":{"self":[{"href":"https:\/\/sezona.lv\/en\/wp-json\/wp\/v2\/product\/76109","targetHints":{"allow":["GET"]}}],"collection":[{"href":"https:\/\/sezona.lv\/en\/wp-json\/wp\/v2\/product"}],"about":[{"href":"https:\/\/sezona.lv\/en\/wp-json\/wp\/v2\/types\/product"}],"wp:attachment":[{"href":"https:\/\/sezona.lv\/en\/wp-json\/wp\/v2\/media?parent=76109"}],"wp:term":[{"taxonomy":"product_brand","embeddable":true,"href":"https:\/\/sezona.lv\/en\/wp-json\/wp\/v2\/product_brand?post=76109"},{"taxonomy":"product_cat","embeddable":true,"href":"https:\/\/sezona.lv\/en\/wp-json\/wp\/v2\/product_cat?post=76109"},{"taxonomy":"product_tag","embeddable":true,"href":"https:\/\/sezona.lv\/en\/wp-json\/wp\/v2\/product_tag?post=76109"}],"curies":[{"name":"wp","href":"https:\/\/api.w.org\/{rel}","templated":true}]}}