{"id":76110,"date":"2025-07-11T15:38:32","date_gmt":"2025-07-11T12:38:32","guid":{"rendered":"https:\/\/demo8.ecube.lv\/sezona.lv\/products\/dumu-kupinatava-500l\/"},"modified":"2025-07-14T14:46:12","modified_gmt":"2025-07-14T11:46:12","slug":"dumu-kupinatava-500l","status":"publish","type":"product","link":"https:\/\/sezona.lv\/en\/products\/dumu-kupinatava-500l\/","title":{"rendered":"D\u016bmu k\u016bpin\u0101tava 500l"},"content":{"rendered":"<p>D\u016bmu k\u016bpin\u0101tava:<br \/> Darbojas ar malku,<br \/> d\u016bmi rodas degot<br \/> malkai.<br \/> Izmantojama<br \/> m\u0101jsaimniec\u012bbas,<br \/> kempingos, akt\u012bv\u0101<br \/> t\u016brisma objektos, kas<br \/> saist\u012bti ar<br \/> mak&scaron;\u0137er\u0113&scaron;anu un<br \/> atp\u016btu pie dabas.<br \/> K\u016bpin\u0101&scaron;anas tilpums<br \/> 500L un 6 plaukti.<\/p>\n<p>K\u016bpin\u0101tavas izm\u0113rs: 80.0 x 80.0 x 150.0 cm (500 litri)<br \/> Svars: 75 Kg<\/p>\n","protected":false},"excerpt":{"rendered":"<p>D\u016bmu k\u016bpin\u0101tava: Darbojas ar malku, d\u016bmi rodas degot malkai. Izmantojama m\u0101jsaimniec\u012bbas, kempingos, akt\u012bv\u0101 t\u016brisma objektos, kas saist\u012bti ar mak&scaron;\u0137er\u0113&scaron;anu un atp\u016btu pie dabas. K\u016bpin\u0101&scaron;anas tilpums 500L un 6 plaukti. K\u016bpin\u0101tavas izm\u0113rs: 80.0 x 80.0 x 150.0 cm (500 litri) Svars: 75 Kg<\/p>\n","protected":false},"featured_media":60123,"template":"","meta":[],"product_brand":[],"product_cat":[4631,4763],"product_tag":[],"class_list":{"0":"post-76110","1":"product","2":"type-product","3":"status-publish","4":"has-post-thumbnail","6":"product_cat-summer-seasonal-items","7":"product_cat-smoke-houses-summer-seasonal-items","9":"first","10":"instock","11":"shipping-taxable","12":"purchasable","13":"product-type-simple"},"_links":{"self":[{"href":"https:\/\/sezona.lv\/en\/wp-json\/wp\/v2\/product\/76110","targetHints":{"allow":["GET"]}}],"collection":[{"href":"https:\/\/sezona.lv\/en\/wp-json\/wp\/v2\/product"}],"about":[{"href":"https:\/\/sezona.lv\/en\/wp-json\/wp\/v2\/types\/product"}],"wp:featuredmedia":[{"embeddable":true,"href":"https:\/\/sezona.lv\/en\/wp-json\/wp\/v2\/media\/60123"}],"wp:attachment":[{"href":"https:\/\/sezona.lv\/en\/wp-json\/wp\/v2\/media?parent=76110"}],"wp:term":[{"taxonomy":"product_brand","embeddable":true,"href":"https:\/\/sezona.lv\/en\/wp-json\/wp\/v2\/product_brand?post=76110"},{"taxonomy":"product_cat","embeddable":true,"href":"https:\/\/sezona.lv\/en\/wp-json\/wp\/v2\/product_cat?post=76110"},{"taxonomy":"product_tag","embeddable":true,"href":"https:\/\/sezona.lv\/en\/wp-json\/wp\/v2\/product_tag?post=76110"}],"curies":[{"name":"wp","href":"https:\/\/api.w.org\/{rel}","templated":true}]}}