{"id":76111,"date":"2025-07-11T15:38:33","date_gmt":"2025-07-11T12:38:33","guid":{"rendered":"https:\/\/demo8.ecube.lv\/sezona.lv\/products\/lecekts-gurkitis\/"},"modified":"2025-07-14T14:46:13","modified_gmt":"2025-07-14T11:46:13","slug":"lecekts-gurkitis","status":"publish","type":"product","link":"https:\/\/sezona.lv\/en\/products\/lecekts-gurkitis\/","title":{"rendered":"Lecekts &#8220;Gur\u0137\u012btis&#8221;"},"content":{"rendered":"<div>\n<p>Plat\u012bba izmitin\u0101&scaron;ana zemes &#8211; 5m&sup2;.<br \/>Siltumn\u012bcas r\u0101mis sast\u0101v no lokiem un garenisk\u0101m sij\u0101m, kas ir izgatavoti no \u012bpa&scaron;as cinkota t\u0113rauda profiliem.<br \/> Siltumn\u012bcas konkstrukcija &#8220;gur\u0137\u012btis&#8221; nodro&scaron;ina dro&scaron;u pl\u0113ves  stiprin\u0101jumu  un atv\u0113r&scaron;anas \u0113rt\u012bbu &#8211; nosl\u0113guma siltumn\u012bcas ar papildus  slied\u0113m.<\/p>\n<p>B\u016bv\u0113ta t\u0101, lai dro&scaron;i var\u0113tu nostiprin\u0101t pl\u0113vi, bet vajadz\u012bbas gad\u012bjum\u0101, pl\u0113vi var viegli atv\u0113rt un aizv\u0113rt.<\/p>\n<p>Pl\u0113ve komplekt\u0101cij\u0101 nav ie\u0137\u013cauta, bet p\u0113c piepras\u012bjuma,  pas\u016bt\u012bt\u0101ja siltumn\u012bcu &#8220;gur\u0137\u012btis&#8221; var nokomplikt\u0113t ar pl\u0113vi biezums  150mkm.<\/p>\n<p>Siltumn\u012bcas &#8220;gur\u0137\u012btis&#8221; izm\u0113ri:<\/p>\n<ul>\n<li>platums &#8211; 1000mm.<\/li>\n<\/ul>\n<ul>\n<li>augstums &#8211; 1000mm.<\/li>\n<\/ul>\n<ul>\n<li>garums &#8211; 5000mm.<\/li>\n<\/ul>\n<\/div>\n","protected":false},"excerpt":{"rendered":"<p>Plat\u012bba izmitin\u0101&scaron;ana zemes &#8211; 5m&sup2;.Siltumn\u012bcas r\u0101mis sast\u0101v no lokiem un garenisk\u0101m sij\u0101m, kas ir izgatavoti no \u012bpa&scaron;as cinkota t\u0113rauda profiliem. Siltumn\u012bcas konkstrukcija &#8220;gur\u0137\u012btis&#8221; nodro&scaron;ina dro&scaron;u pl\u0113ves stiprin\u0101jumu un atv\u0113r&scaron;anas \u0113rt\u012bbu &#8211; nosl\u0113guma siltumn\u012bcas ar papildus slied\u0113m. B\u016bv\u0113ta t\u0101, lai dro&scaron;i var\u0113tu nostiprin\u0101t pl\u0113vi, bet vajadz\u012bbas gad\u012bjum\u0101, pl\u0113vi var viegli atv\u0113rt un aizv\u0113rt. Pl\u0113ve komplekt\u0101cij\u0101 nav [&hellip;]<\/p>\n","protected":false},"featured_media":60128,"template":"","meta":[],"product_brand":[],"product_cat":[4631,4641],"product_tag":[],"class_list":{"0":"post-76111","1":"product","2":"type-product","3":"status-publish","4":"has-post-thumbnail","6":"product_cat-summer-seasonal-items","7":"product_cat-green-houses-summer-seasonal-items","9":"first","10":"instock","11":"shipping-taxable","12":"purchasable","13":"product-type-simple"},"_links":{"self":[{"href":"https:\/\/sezona.lv\/en\/wp-json\/wp\/v2\/product\/76111","targetHints":{"allow":["GET"]}}],"collection":[{"href":"https:\/\/sezona.lv\/en\/wp-json\/wp\/v2\/product"}],"about":[{"href":"https:\/\/sezona.lv\/en\/wp-json\/wp\/v2\/types\/product"}],"wp:featuredmedia":[{"embeddable":true,"href":"https:\/\/sezona.lv\/en\/wp-json\/wp\/v2\/media\/60128"}],"wp:attachment":[{"href":"https:\/\/sezona.lv\/en\/wp-json\/wp\/v2\/media?parent=76111"}],"wp:term":[{"taxonomy":"product_brand","embeddable":true,"href":"https:\/\/sezona.lv\/en\/wp-json\/wp\/v2\/product_brand?post=76111"},{"taxonomy":"product_cat","embeddable":true,"href":"https:\/\/sezona.lv\/en\/wp-json\/wp\/v2\/product_cat?post=76111"},{"taxonomy":"product_tag","embeddable":true,"href":"https:\/\/sezona.lv\/en\/wp-json\/wp\/v2\/product_tag?post=76111"}],"curies":[{"name":"wp","href":"https:\/\/api.w.org\/{rel}","templated":true}]}}