{"id":76113,"date":"2025-07-11T15:38:36","date_gmt":"2025-07-11T12:38:36","guid":{"rendered":"https:\/\/demo8.ecube.lv\/sezona.lv\/products\/speedminton-s900-komplekts\/"},"modified":"2025-07-14T14:46:15","modified_gmt":"2025-07-14T11:46:15","slug":"speedminton-s900-komplekts","status":"publish","type":"product","link":"https:\/\/sezona.lv\/en\/products\/speedminton-s900-komplekts\/","title":{"rendered":"Speedminton\u00ae S900 komplekts"},"content":{"rendered":"<div id=\"tab-description\" class=\"tab-content\">\n<div id=\"tab-description\" class=\"tab-content\">\n<div><strong>Vislab\u0101k nokomplekt\u0113tais komplekts, lai piln\u012bb\u0101 izbaud\u012btu  sportisko azartu un sacens\u012bbu garu, ko sniedz krosmintona (iepriek&scaron;  saukts par sp\u012bdmintonu) sp\u0113le.<\/strong> Sp\u0113l\u0113jiet bez t\u012bkla un bez jebk\u0101diem citiem ierobe\u017eojumiem &#8211; vienm\u0113r un visur!<\/div>\n<div>&nbsp;<\/div>\n<div>S900 raketes ir veidotas no oglek\u013ca kompoz\u012btmateri\u0101la, tie&scaron;i to  vieglais svars dod iesp\u0113ju piedal\u012bties \u013coti \u0101tr\u0101s izsp\u0113l\u0113s. Raket\u0113  iestr\u0101d\u0101t\u0101 Mega Power zone (MPZ) nodro&scaron;ina papildus sp\u0113ku sitienam.  Rakete ir lieliska, jo tai ir U-profila r\u0101mis, kas palielina st\u012bgu  elast\u012bbu.<\/div>\n<div>&nbsp;<\/div>\n<div>MIX sp\u012bderu pak\u0101 ietilpst 5 sp\u012bderi, kas nodro&scaron;in\u0101s jautr\u012bbu neatkar\u012bgi  no sp\u0113l\u0113t\u0101ju l\u012bme\u0146a un laika apst\u0101k\u013ciem. Lielisks ies\u0101c\u0113jiem: FUN  Speeder&reg; \u013cauj viegli uzs\u0101kt sp\u0113li un priec\u0101ties par to, jau no pa&scaron;a  s\u0101kuma. Vai esat gatavi sp\u0113lei? Tad MATCH Speeder&reg; ir tie&scaron;i priek&scaron; jums,  tas tiek izmantots ofici\u0101l\u0101s krosmintona &nbsp;sacens\u012bb\u0101s un tas \u013caus jums  piedal\u012bties \u0101tr\u0101s izsp\u0113l\u0113s. Paredz\u0113ts sp\u0113l\u0113&scaron;anai \u0101r\u0101: CROSS Speeder&reg;  \u013caus jums sp\u0113l\u0113t lielos att\u0101lumos, pat ja ir v\u0113jains laiks. Ne\u013caujiet  jautr\u012bbai apst\u0101ties pat p\u0113c saulrieta: \u0145emiet speci\u0101lo nakts sp\u012bdekli un  ievietojiet to NIGHT Speeder&reg; galvas da\u013c\u0101 un turpiniet sp\u0113li.<\/div>\n<div>&nbsp;<\/div>\n<div>Ikvienam, kur&scaron; v\u0113las sacensties un sp\u0113l\u0113t uz punktiem: j\u016bs varat \u0101tri  uzst\u0101d\u012bt komplekt\u0101 ietilpsto&scaron;o Easy Court Basic sp\u0113les laukumu un  krosmintona (iepriek&scaron; saukts par sp\u012bdmintonu) sp\u0113le var s\u0101kties.<\/div>\n<div>&nbsp;<\/div>\n<div><em>Speedminton&reg; S900 komplekts ir S400 komplekta uzlabot\u0101 versija.<\/em><\/div>\n<div>&nbsp;<\/div>\n<div><strong>Komplekt\u0101 ietilpst:<\/strong><\/div>\n<ul>\n<li> 2 S900 raketes no oglek\u013ca kompoz\u012btmateri\u0101la ar Mega Power Zone (MPZ) un U-Profilu<\/li>\n<li> 1 MIX sp\u012bderu paka (1 Fun \/ 1 Cross \/ 1 Night \/ 2 Match Speeder&reg; + 1 v\u0113ja gredzens)<\/li>\n<li> 1 Easy Court Pro laukums (p\u0101rvietojams laukums, kas veidots no spilgti dzelten\u0101m lent\u0101m ar 8 met\u0101la stien\u012b&scaron;iem)<\/li>\n<li> 4 nakts sp\u012bdek\u013ci (paredz\u0113ti sp\u0113lei tums\u0101, sp\u012bd ~3h)<\/li>\n<li> 1 rake&scaron;u soma ar pastiprin\u0101tu pleca lentu<\/li>\n<li> 1 sp\u0113les instrukcija<\/li>\n<\/ul>\n<\/div>\n<\/div>\n","protected":false},"excerpt":{"rendered":"<p>Vislab\u0101k nokomplekt\u0113tais komplekts, lai piln\u012bb\u0101 izbaud\u012btu sportisko azartu un sacens\u012bbu garu, ko sniedz krosmintona (iepriek&scaron; saukts par sp\u012bdmintonu) sp\u0113le. Sp\u0113l\u0113jiet bez t\u012bkla un bez jebk\u0101diem citiem ierobe\u017eojumiem &#8211; vienm\u0113r un visur! &nbsp; S900 raketes ir veidotas no oglek\u013ca kompoz\u012btmateri\u0101la, tie&scaron;i to vieglais svars dod iesp\u0113ju piedal\u012bties \u013coti \u0101tr\u0101s izsp\u0113l\u0113s. Raket\u0113 iestr\u0101d\u0101t\u0101 Mega Power zone (MPZ) [&hellip;]<\/p>\n","protected":false},"featured_media":60142,"template":"","meta":[],"product_brand":[],"product_cat":[4602,4647,4648],"product_tag":[],"class_list":{"0":"post-76113","1":"product","2":"type-product","3":"status-publish","4":"has-post-thumbnail","6":"product_cat-summer-sports-sports","7":"product_cat-speedminton-summer-sports-sports","8":"product_cat-sets-en-dupcheck-430-speedminton-summer-sports-sports","10":"first","11":"instock","12":"shipping-taxable","13":"purchasable","14":"product-type-simple"},"_links":{"self":[{"href":"https:\/\/sezona.lv\/en\/wp-json\/wp\/v2\/product\/76113","targetHints":{"allow":["GET"]}}],"collection":[{"href":"https:\/\/sezona.lv\/en\/wp-json\/wp\/v2\/product"}],"about":[{"href":"https:\/\/sezona.lv\/en\/wp-json\/wp\/v2\/types\/product"}],"wp:featuredmedia":[{"embeddable":true,"href":"https:\/\/sezona.lv\/en\/wp-json\/wp\/v2\/media\/60142"}],"wp:attachment":[{"href":"https:\/\/sezona.lv\/en\/wp-json\/wp\/v2\/media?parent=76113"}],"wp:term":[{"taxonomy":"product_brand","embeddable":true,"href":"https:\/\/sezona.lv\/en\/wp-json\/wp\/v2\/product_brand?post=76113"},{"taxonomy":"product_cat","embeddable":true,"href":"https:\/\/sezona.lv\/en\/wp-json\/wp\/v2\/product_cat?post=76113"},{"taxonomy":"product_tag","embeddable":true,"href":"https:\/\/sezona.lv\/en\/wp-json\/wp\/v2\/product_tag?post=76113"}],"curies":[{"name":"wp","href":"https:\/\/api.w.org\/{rel}","templated":true}]}}