{"id":76114,"date":"2025-07-14T14:46:16","date_gmt":"2025-07-14T11:46:16","guid":{"rendered":"https:\/\/demo8.ecube.lv\/sezona.lv\/products\/fun-speeder-komplekts\/"},"modified":"2025-07-14T14:46:16","modified_gmt":"2025-07-14T11:46:16","slug":"fun-speeder-komplekts","status":"publish","type":"product","link":"https:\/\/sezona.lv\/en\/products\/fun-speeder-komplekts\/","title":{"rendered":"FUN Speeder\u00ae komplekts"},"content":{"rendered":"<div id=\"tab-description\" class=\"tab-content\">\n<p>Izklaides (Fun) sp\u012bders ir paredz\u0113ts distanc\u0113m 12 &#8211; 17 metru at\u0101lum\u0101.  Piem\u0113rots, lai iesild\u012btos k\u0101 ar\u012b priek&scaron; maz\u0101kiem sp\u0113les laukumiem, t\u0101d\u0101s  viet\u0101s k\u0101 sporta z\u0101l\u0113, pagalm\u0101 vai d\u0101rz\u0101. Ieteicams ies\u0101c\u0113jiem.<\/p>\n<p><strong>Komplekt\u0101 ietilpst:<\/strong><\/p>\n<ul>\n<li> 5 Fun sp\u012bderi<\/li>\n<\/ul>\n<\/div>\n","protected":false},"excerpt":{"rendered":"<p>Izklaides (Fun) sp\u012bders ir paredz\u0113ts distanc\u0113m 12 &#8211; 17 metru at\u0101lum\u0101. Piem\u0113rots, lai iesild\u012btos k\u0101 ar\u012b priek&scaron; maz\u0101kiem sp\u0113les laukumiem, t\u0101d\u0101s viet\u0101s k\u0101 sporta z\u0101l\u0113, pagalm\u0101 vai d\u0101rz\u0101. Ieteicams ies\u0101c\u0113jiem. Komplekt\u0101 ietilpst: 5 Fun sp\u012bderi<\/p>\n","protected":false},"featured_media":0,"template":"","meta":[],"product_brand":[913],"product_cat":[4587,4602,4647,4650],"product_tag":[],"class_list":{"0":"post-76114","1":"product","2":"type-product","3":"status-publish","5":"product_brand-speedminton","6":"product_cat-sports","7":"product_cat-summer-sports-sports","8":"product_cat-speedminton-summer-sports-sports","9":"product_cat-speeders-speedminton-summer-sports-sports","11":"first","12":"instock","13":"shipping-taxable","14":"purchasable","15":"product-type-simple"},"_links":{"self":[{"href":"https:\/\/sezona.lv\/en\/wp-json\/wp\/v2\/product\/76114","targetHints":{"allow":["GET"]}}],"collection":[{"href":"https:\/\/sezona.lv\/en\/wp-json\/wp\/v2\/product"}],"about":[{"href":"https:\/\/sezona.lv\/en\/wp-json\/wp\/v2\/types\/product"}],"wp:attachment":[{"href":"https:\/\/sezona.lv\/en\/wp-json\/wp\/v2\/media?parent=76114"}],"wp:term":[{"taxonomy":"product_brand","embeddable":true,"href":"https:\/\/sezona.lv\/en\/wp-json\/wp\/v2\/product_brand?post=76114"},{"taxonomy":"product_cat","embeddable":true,"href":"https:\/\/sezona.lv\/en\/wp-json\/wp\/v2\/product_cat?post=76114"},{"taxonomy":"product_tag","embeddable":true,"href":"https:\/\/sezona.lv\/en\/wp-json\/wp\/v2\/product_tag?post=76114"}],"curies":[{"name":"wp","href":"https:\/\/api.w.org\/{rel}","templated":true}]}}