{"id":76115,"date":"2025-07-14T14:46:17","date_gmt":"2025-07-14T11:46:17","guid":{"rendered":"https:\/\/demo8.ecube.lv\/sezona.lv\/products\/match-speeder-komplekts\/"},"modified":"2025-07-14T14:46:17","modified_gmt":"2025-07-14T11:46:17","slug":"match-speeder-komplekts","status":"publish","type":"product","link":"https:\/\/sezona.lv\/en\/products\/match-speeder-komplekts\/","title":{"rendered":"MATCH Speeder\u00ae komplekts"},"content":{"rendered":"<p>&nbsp;<\/p>\n<div id=\"tab-description\" class=\"tab-content\">\n<div>Sacens\u012bbu (Match) sp\u012bders&nbsp;ir paredz\u0113ts norm\u0101lai sp\u0113lei&nbsp;15 &#8211; 23 metru  att\u0101lum\u0101 un t\u0101d\u0113\u013c ir \u012bpa&scaron;i piem\u0113rots krosmintona (iepriek&scaron; saukts par  sp\u012bdmintonu) sacens\u012bb\u0101m. Ja p\u0101r\u0101k v\u0113jains, izmantojiet v\u0113ja gredzenu.  Sacens\u012bbu sp\u012bders ir Starptaustisk\u0101s Krosmintona Organiz\u0101cijas  (ICO)&nbsp;ofici\u0101li apstiprin\u0101tais starptautisko turn\u012bru sp\u012bders.&nbsp;Pateicoties  sp\u012bdera uzlabotajai groza da\u013cai&#8217;tas ir k\u013cuvis v\u0113l prec\u012bz\u0101ks, \u0101tr\u0101ks un  stabil\u0101ks v\u0113j\u0101.<\/div>\n<div>&nbsp;<\/div>\n<div><strong>Komplekt\u0101 ietilpst:<\/strong><\/div>\n<ul>\n<li> 5 Match sp\u012bderi<\/li>\n<li> 1 v\u0113ja gredzens<\/li>\n<\/ul>\n<\/div>\n","protected":false},"excerpt":{"rendered":"<p>&nbsp; Sacens\u012bbu (Match) sp\u012bders&nbsp;ir paredz\u0113ts norm\u0101lai sp\u0113lei&nbsp;15 &#8211; 23 metru att\u0101lum\u0101 un t\u0101d\u0113\u013c ir \u012bpa&scaron;i piem\u0113rots krosmintona (iepriek&scaron; saukts par sp\u012bdmintonu) sacens\u012bb\u0101m. Ja p\u0101r\u0101k v\u0113jains, izmantojiet v\u0113ja gredzenu. Sacens\u012bbu sp\u012bders ir Starptaustisk\u0101s Krosmintona Organiz\u0101cijas (ICO)&nbsp;ofici\u0101li apstiprin\u0101tais starptautisko turn\u012bru sp\u012bders.&nbsp;Pateicoties sp\u012bdera uzlabotajai groza da\u013cai&#8217;tas ir k\u013cuvis v\u0113l prec\u012bz\u0101ks, \u0101tr\u0101ks un stabil\u0101ks v\u0113j\u0101. &nbsp; Komplekt\u0101 ietilpst: 5 [&hellip;]<\/p>\n","protected":false},"featured_media":0,"template":"","meta":[],"product_brand":[913],"product_cat":[4587,4602,4647,4650],"product_tag":[],"class_list":{"0":"post-76115","1":"product","2":"type-product","3":"status-publish","5":"product_brand-speedminton","6":"product_cat-sports","7":"product_cat-summer-sports-sports","8":"product_cat-speedminton-summer-sports-sports","9":"product_cat-speeders-speedminton-summer-sports-sports","11":"first","12":"instock","13":"shipping-taxable","14":"purchasable","15":"product-type-simple"},"_links":{"self":[{"href":"https:\/\/sezona.lv\/en\/wp-json\/wp\/v2\/product\/76115","targetHints":{"allow":["GET"]}}],"collection":[{"href":"https:\/\/sezona.lv\/en\/wp-json\/wp\/v2\/product"}],"about":[{"href":"https:\/\/sezona.lv\/en\/wp-json\/wp\/v2\/types\/product"}],"wp:attachment":[{"href":"https:\/\/sezona.lv\/en\/wp-json\/wp\/v2\/media?parent=76115"}],"wp:term":[{"taxonomy":"product_brand","embeddable":true,"href":"https:\/\/sezona.lv\/en\/wp-json\/wp\/v2\/product_brand?post=76115"},{"taxonomy":"product_cat","embeddable":true,"href":"https:\/\/sezona.lv\/en\/wp-json\/wp\/v2\/product_cat?post=76115"},{"taxonomy":"product_tag","embeddable":true,"href":"https:\/\/sezona.lv\/en\/wp-json\/wp\/v2\/product_tag?post=76115"}],"curies":[{"name":"wp","href":"https:\/\/api.w.org\/{rel}","templated":true}]}}