{"id":76116,"date":"2025-07-14T14:46:17","date_gmt":"2025-07-14T11:46:17","guid":{"rendered":"https:\/\/demo8.ecube.lv\/sezona.lv\/products\/night-speeder-komplekts\/"},"modified":"2025-07-14T14:46:17","modified_gmt":"2025-07-14T11:46:17","slug":"night-speeder-komplekts","status":"publish","type":"product","link":"https:\/\/sezona.lv\/en\/products\/night-speeder-komplekts\/","title":{"rendered":"NIGHT Speeder\u00ae komplekts"},"content":{"rendered":"<div id=\"tab-description\" class=\"tab-content\">\n<div>Nakts (Night)&nbsp;sp\u012bders ir paredz\u0113ts sp\u0113lei nakt\u012b: caursp\u012bd\u012bgaj\u0101 sp\u012bdera  galvas da\u013c\u0101 var ievietot nakts sp\u012bdekli, kas nodro&scaron;ina t\u0101 redzam\u012bbu  tums\u0101 pat vair\u0101kas stundas. Ja p\u0101r\u0101k v\u0113jains izmantojiet v\u0113ja gredzenu.<\/div>\n<div>&nbsp;<\/div>\n<div><strong>Komplekt\u0101 ietilpst:<\/strong><\/div>\n<ul>\n<li> 5 Night sp\u012bderi<\/li>\n<li> 1 v\u0113ja gredzens<\/li>\n<\/ul>\n<\/div>\n","protected":false},"excerpt":{"rendered":"<p>Nakts (Night)&nbsp;sp\u012bders ir paredz\u0113ts sp\u0113lei nakt\u012b: caursp\u012bd\u012bgaj\u0101 sp\u012bdera galvas da\u013c\u0101 var ievietot nakts sp\u012bdekli, kas nodro&scaron;ina t\u0101 redzam\u012bbu tums\u0101 pat vair\u0101kas stundas. Ja p\u0101r\u0101k v\u0113jains izmantojiet v\u0113ja gredzenu. &nbsp; Komplekt\u0101 ietilpst: 5 Night sp\u012bderi 1 v\u0113ja gredzens<\/p>\n","protected":false},"featured_media":0,"template":"","meta":[],"product_brand":[913],"product_cat":[4587,4602,4647,4650],"product_tag":[],"class_list":{"0":"post-76116","1":"product","2":"type-product","3":"status-publish","5":"product_brand-speedminton","6":"product_cat-sports","7":"product_cat-summer-sports-sports","8":"product_cat-speedminton-summer-sports-sports","9":"product_cat-speeders-speedminton-summer-sports-sports","11":"first","12":"instock","13":"shipping-taxable","14":"purchasable","15":"product-type-simple"},"_links":{"self":[{"href":"https:\/\/sezona.lv\/en\/wp-json\/wp\/v2\/product\/76116","targetHints":{"allow":["GET"]}}],"collection":[{"href":"https:\/\/sezona.lv\/en\/wp-json\/wp\/v2\/product"}],"about":[{"href":"https:\/\/sezona.lv\/en\/wp-json\/wp\/v2\/types\/product"}],"wp:attachment":[{"href":"https:\/\/sezona.lv\/en\/wp-json\/wp\/v2\/media?parent=76116"}],"wp:term":[{"taxonomy":"product_brand","embeddable":true,"href":"https:\/\/sezona.lv\/en\/wp-json\/wp\/v2\/product_brand?post=76116"},{"taxonomy":"product_cat","embeddable":true,"href":"https:\/\/sezona.lv\/en\/wp-json\/wp\/v2\/product_cat?post=76116"},{"taxonomy":"product_tag","embeddable":true,"href":"https:\/\/sezona.lv\/en\/wp-json\/wp\/v2\/product_tag?post=76116"}],"curies":[{"name":"wp","href":"https:\/\/api.w.org\/{rel}","templated":true}]}}