{"id":76117,"date":"2025-07-11T15:38:40","date_gmt":"2025-07-11T12:38:40","guid":{"rendered":"https:\/\/demo8.ecube.lv\/sezona.lv\/products\/speedminton-nakts-spideklu-komplekts\/"},"modified":"2025-07-14T14:46:19","modified_gmt":"2025-07-14T11:46:19","slug":"speedminton-nakts-spideklu-komplekts","status":"publish","type":"product","link":"https:\/\/sezona.lv\/en\/products\/speedminton-nakts-spideklu-komplekts\/","title":{"rendered":"Speedminton\u00ae Nakts sp\u012bdek\u013cu komplekts"},"content":{"rendered":"<p>Nakts sp\u012bdek\u013ci paredz\u0113ti, lai nodro&scaron;in\u0101tu sp\u0113li tums\u0101. Tikl\u012bdz   sp\u012bdeklis tiek saloc\u012bts tas s\u0101k sp\u012bd\u0113t, sp\u012bd tas pat vair\u0101kas stundas.   Sp\u012bdeklis ir viegli ievietojams sp\u012bdera galvi\u0146\u0101 paredz\u0113taj\u0101 gaisa   atver\u0113. Lieliskai nakts sp\u0113lei park\u0101, pludmal\u0113 vai tum&scaron;\u0101 sporta z\u0101l\u0113.<\/p>\n<p>Komplekt\u0101 ietilpst:<\/p>\n<ul>\n<li>8 nakts sp\u012bdek\u013ci<\/li>\n<\/ul>\n","protected":false},"excerpt":{"rendered":"<p>Nakts sp\u012bdek\u013ci paredz\u0113ti, lai nodro&scaron;in\u0101tu sp\u0113li tums\u0101. Tikl\u012bdz sp\u012bdeklis tiek saloc\u012bts tas s\u0101k sp\u012bd\u0113t, sp\u012bd tas pat vair\u0101kas stundas. Sp\u012bdeklis ir viegli ievietojams sp\u012bdera galvi\u0146\u0101 paredz\u0113taj\u0101 gaisa atver\u0113. Lieliskai nakts sp\u0113lei park\u0101, pludmal\u0113 vai tum&scaron;\u0101 sporta z\u0101l\u0113. Komplekt\u0101 ietilpst: 8 nakts sp\u012bdek\u013ci<\/p>\n","protected":false},"featured_media":60153,"template":"","meta":[],"product_brand":[913],"product_cat":[4602,4647,4650],"product_tag":[],"class_list":{"0":"post-76117","1":"product","2":"type-product","3":"status-publish","4":"has-post-thumbnail","6":"product_brand-speedminton","7":"product_cat-summer-sports-sports","8":"product_cat-speedminton-summer-sports-sports","9":"product_cat-speeders-speedminton-summer-sports-sports","11":"first","12":"instock","13":"shipping-taxable","14":"purchasable","15":"product-type-simple"},"_links":{"self":[{"href":"https:\/\/sezona.lv\/en\/wp-json\/wp\/v2\/product\/76117","targetHints":{"allow":["GET"]}}],"collection":[{"href":"https:\/\/sezona.lv\/en\/wp-json\/wp\/v2\/product"}],"about":[{"href":"https:\/\/sezona.lv\/en\/wp-json\/wp\/v2\/types\/product"}],"wp:featuredmedia":[{"embeddable":true,"href":"https:\/\/sezona.lv\/en\/wp-json\/wp\/v2\/media\/60153"}],"wp:attachment":[{"href":"https:\/\/sezona.lv\/en\/wp-json\/wp\/v2\/media?parent=76117"}],"wp:term":[{"taxonomy":"product_brand","embeddable":true,"href":"https:\/\/sezona.lv\/en\/wp-json\/wp\/v2\/product_brand?post=76117"},{"taxonomy":"product_cat","embeddable":true,"href":"https:\/\/sezona.lv\/en\/wp-json\/wp\/v2\/product_cat?post=76117"},{"taxonomy":"product_tag","embeddable":true,"href":"https:\/\/sezona.lv\/en\/wp-json\/wp\/v2\/product_tag?post=76117"}],"curies":[{"name":"wp","href":"https:\/\/api.w.org\/{rel}","templated":true}]}}