{"id":76118,"date":"2025-07-11T15:38:41","date_gmt":"2025-07-11T12:38:41","guid":{"rendered":"https:\/\/demo8.ecube.lv\/sezona.lv\/products\/speedminton-veja-gredzeni\/"},"modified":"2025-07-14T14:46:19","modified_gmt":"2025-07-14T11:46:19","slug":"speedminton-veja-gredzeni","status":"publish","type":"product","link":"https:\/\/sezona.lv\/en\/products\/speedminton-veja-gredzeni\/","title":{"rendered":"Speedminton\u00ae V\u0113ja gredzeni"},"content":{"rendered":"<p>V\u0113ja gredzens ir svar\u012bgs aksesu\u0101rs sp\u0113lei \u0101r\u0101. Lai padar\u012btu sp\u012bderi  daudz stabil\u0101ku v\u0113jainos laika apst\u0101k\u013cos, vienk\u0101r&scaron;i uzrull\u0113 v\u0113ja  gredzenu p\u0101ri sp\u012bdera galvi\u0146ai.<\/p>\n<p>S\u012bk\u0101ka inform\u0101cija:<\/p>\n<ul>\n<li>2 v\u0113ja gredzeni<\/li>\n<\/ul>\n","protected":false},"excerpt":{"rendered":"<p>V\u0113ja gredzens ir svar\u012bgs aksesu\u0101rs sp\u0113lei \u0101r\u0101. Lai padar\u012btu sp\u012bderi daudz stabil\u0101ku v\u0113jainos laika apst\u0101k\u013cos, vienk\u0101r&scaron;i uzrull\u0113 v\u0113ja gredzenu p\u0101ri sp\u012bdera galvi\u0146ai. S\u012bk\u0101ka inform\u0101cija: 2 v\u0113ja gredzeni<\/p>\n","protected":false},"featured_media":60156,"template":"","meta":[],"product_brand":[913],"product_cat":[4602,4647,4650],"product_tag":[],"class_list":{"0":"post-76118","1":"product","2":"type-product","3":"status-publish","4":"has-post-thumbnail","6":"product_brand-speedminton","7":"product_cat-summer-sports-sports","8":"product_cat-speedminton-summer-sports-sports","9":"product_cat-speeders-speedminton-summer-sports-sports","11":"first","12":"instock","13":"shipping-taxable","14":"purchasable","15":"product-type-simple"},"_links":{"self":[{"href":"https:\/\/sezona.lv\/en\/wp-json\/wp\/v2\/product\/76118","targetHints":{"allow":["GET"]}}],"collection":[{"href":"https:\/\/sezona.lv\/en\/wp-json\/wp\/v2\/product"}],"about":[{"href":"https:\/\/sezona.lv\/en\/wp-json\/wp\/v2\/types\/product"}],"wp:featuredmedia":[{"embeddable":true,"href":"https:\/\/sezona.lv\/en\/wp-json\/wp\/v2\/media\/60156"}],"wp:attachment":[{"href":"https:\/\/sezona.lv\/en\/wp-json\/wp\/v2\/media?parent=76118"}],"wp:term":[{"taxonomy":"product_brand","embeddable":true,"href":"https:\/\/sezona.lv\/en\/wp-json\/wp\/v2\/product_brand?post=76118"},{"taxonomy":"product_cat","embeddable":true,"href":"https:\/\/sezona.lv\/en\/wp-json\/wp\/v2\/product_cat?post=76118"},{"taxonomy":"product_tag","embeddable":true,"href":"https:\/\/sezona.lv\/en\/wp-json\/wp\/v2\/product_tag?post=76118"}],"curies":[{"name":"wp","href":"https:\/\/api.w.org\/{rel}","templated":true}]}}