{"id":76119,"date":"2025-07-11T15:38:42","date_gmt":"2025-07-11T12:38:42","guid":{"rendered":"https:\/\/demo8.ecube.lv\/sezona.lv\/products\/speedminton-easy-court-pro-laukums\/"},"modified":"2025-07-14T14:46:20","modified_gmt":"2025-07-14T11:46:20","slug":"speedminton-easy-court-pro-laukums","status":"publish","type":"product","link":"https:\/\/sezona.lv\/en\/products\/speedminton-easy-court-pro-laukums\/","title":{"rendered":"Speedminton\u00ae Easy Court Pro laukums"},"content":{"rendered":"<div id=\"tab-description\" class=\"tab-content\">\n<p>Easy Court ir sp\u0113les laukums, kas noder&nbsp;visiem gad\u012bjumiem, kas p\u013cavu,  sporta z\u0101li, piem\u0101jas d\u0101rzu, pludmali un daudzas citas vietas, p\u0101ris  momentos, p\u0101rv\u0113r&scaron; par sacens\u012bbu laukumu.&nbsp;Laukuma l\u012bnijas&nbsp;nostiprin\u0101mas  ar dzelzs mieti\u0146iem, kas iek\u013cauti komplekt\u0101 un sp\u0113les laukums ir gatavs.  Lai sp\u0113les laukumu uzst\u0101d\u012btu pludmal\u0113, izmantojiet smil&scaron;u enkurus.<\/p>\n<p><strong>Komplekt\u0101 ietilpst:<\/strong><\/p>\n<ul>\n<li> 2 kvadr\u0101tveida laukumi (ar met\u0101la gredzeniem st\u016bros)&nbsp;ar izm\u0113riem 5,5 x 5,5 metri<\/li>\n<li> 8 met\u0101la mieti\u0146i laukumu nostiprin\u0101&scaron;anai<\/li>\n<li> Iztur\u012bgs maisi\u0146&scaron; laukuma l\u012bniju p\u0101rn\u0113s\u0101&scaron;anai un glab\u0101&scaron;anai<\/li>\n<\/ul>\n<\/div>\n","protected":false},"excerpt":{"rendered":"<p>Easy Court ir sp\u0113les laukums, kas noder&nbsp;visiem gad\u012bjumiem, kas p\u013cavu, sporta z\u0101li, piem\u0101jas d\u0101rzu, pludmali un daudzas citas vietas, p\u0101ris momentos, p\u0101rv\u0113r&scaron; par sacens\u012bbu laukumu.&nbsp;Laukuma l\u012bnijas&nbsp;nostiprin\u0101mas ar dzelzs mieti\u0146iem, kas iek\u013cauti komplekt\u0101 un sp\u0113les laukums ir gatavs. Lai sp\u0113les laukumu uzst\u0101d\u012btu pludmal\u0113, izmantojiet smil&scaron;u enkurus. Komplekt\u0101 ietilpst: 2 kvadr\u0101tveida laukumi (ar met\u0101la gredzeniem st\u016bros)&nbsp;ar izm\u0113riem [&hellip;]<\/p>\n","protected":false},"featured_media":60161,"template":"","meta":[],"product_brand":[913],"product_cat":[4602,4647,4651],"product_tag":[],"class_list":{"0":"post-76119","1":"product","2":"type-product","3":"status-publish","4":"has-post-thumbnail","6":"product_brand-speedminton","7":"product_cat-summer-sports-sports","8":"product_cat-speedminton-summer-sports-sports","9":"product_cat-accessories-speedminton-summer-sports-sports","11":"first","12":"instock","13":"shipping-taxable","14":"purchasable","15":"product-type-simple"},"_links":{"self":[{"href":"https:\/\/sezona.lv\/en\/wp-json\/wp\/v2\/product\/76119","targetHints":{"allow":["GET"]}}],"collection":[{"href":"https:\/\/sezona.lv\/en\/wp-json\/wp\/v2\/product"}],"about":[{"href":"https:\/\/sezona.lv\/en\/wp-json\/wp\/v2\/types\/product"}],"wp:featuredmedia":[{"embeddable":true,"href":"https:\/\/sezona.lv\/en\/wp-json\/wp\/v2\/media\/60161"}],"wp:attachment":[{"href":"https:\/\/sezona.lv\/en\/wp-json\/wp\/v2\/media?parent=76119"}],"wp:term":[{"taxonomy":"product_brand","embeddable":true,"href":"https:\/\/sezona.lv\/en\/wp-json\/wp\/v2\/product_brand?post=76119"},{"taxonomy":"product_cat","embeddable":true,"href":"https:\/\/sezona.lv\/en\/wp-json\/wp\/v2\/product_cat?post=76119"},{"taxonomy":"product_tag","embeddable":true,"href":"https:\/\/sezona.lv\/en\/wp-json\/wp\/v2\/product_tag?post=76119"}],"curies":[{"name":"wp","href":"https:\/\/api.w.org\/{rel}","templated":true}]}}