{"id":76120,"date":"2025-07-11T15:38:43","date_gmt":"2025-07-11T12:38:43","guid":{"rendered":"https:\/\/demo8.ecube.lv\/sezona.lv\/products\/speedminton-sporta-soma\/"},"modified":"2025-07-14T14:46:21","modified_gmt":"2025-07-14T11:46:21","slug":"speedminton-sporta-soma","status":"publish","type":"product","link":"https:\/\/sezona.lv\/en\/products\/speedminton-sporta-soma\/","title":{"rendered":"Speedminton sporta soma"},"content":{"rendered":"<p>\u0112rta sporta   mugursoma, piem\u0113rota ekip\u0113juma un sporta ap\u0123\u0113rba p\u0101rn\u0113s\u0101&scaron;anai uz sporta   centru, pludmali vai parku.<\/p>\n<p>S\u012bk\u0101ka   inform\u0101cija:<\/p>\n<ul>\n<li>Izm\u0113rs: 75 x   35cm<\/li>\n<\/ul>\n","protected":false},"excerpt":{"rendered":"<p>\u0112rta sporta mugursoma, piem\u0113rota ekip\u0113juma un sporta ap\u0123\u0113rba p\u0101rn\u0113s\u0101&scaron;anai uz sporta centru, pludmali vai parku. S\u012bk\u0101ka inform\u0101cija: Izm\u0113rs: 75 x 35cm<\/p>\n","protected":false},"featured_media":60164,"template":"","meta":[],"product_brand":[913],"product_cat":[4602,4647,4651],"product_tag":[],"class_list":{"0":"post-76120","1":"product","2":"type-product","3":"status-publish","4":"has-post-thumbnail","6":"product_brand-speedminton","7":"product_cat-summer-sports-sports","8":"product_cat-speedminton-summer-sports-sports","9":"product_cat-accessories-speedminton-summer-sports-sports","11":"first","12":"instock","13":"shipping-taxable","14":"purchasable","15":"product-type-simple"},"_links":{"self":[{"href":"https:\/\/sezona.lv\/en\/wp-json\/wp\/v2\/product\/76120","targetHints":{"allow":["GET"]}}],"collection":[{"href":"https:\/\/sezona.lv\/en\/wp-json\/wp\/v2\/product"}],"about":[{"href":"https:\/\/sezona.lv\/en\/wp-json\/wp\/v2\/types\/product"}],"wp:featuredmedia":[{"embeddable":true,"href":"https:\/\/sezona.lv\/en\/wp-json\/wp\/v2\/media\/60164"}],"wp:attachment":[{"href":"https:\/\/sezona.lv\/en\/wp-json\/wp\/v2\/media?parent=76120"}],"wp:term":[{"taxonomy":"product_brand","embeddable":true,"href":"https:\/\/sezona.lv\/en\/wp-json\/wp\/v2\/product_brand?post=76120"},{"taxonomy":"product_cat","embeddable":true,"href":"https:\/\/sezona.lv\/en\/wp-json\/wp\/v2\/product_cat?post=76120"},{"taxonomy":"product_tag","embeddable":true,"href":"https:\/\/sezona.lv\/en\/wp-json\/wp\/v2\/product_tag?post=76120"}],"curies":[{"name":"wp","href":"https:\/\/api.w.org\/{rel}","templated":true}]}}