{"id":76121,"date":"2025-07-11T15:38:45","date_gmt":"2025-07-11T12:38:45","guid":{"rendered":"https:\/\/demo8.ecube.lv\/sezona.lv\/products\/banax-armis-600\/"},"modified":"2025-07-14T14:46:22","modified_gmt":"2025-07-14T11:46:22","slug":"banax-armis-600","status":"publish","type":"product","link":"https:\/\/sezona.lv\/en\/products\/banax-armis-600\/","title":{"rendered":"BANAX Armis 600"},"content":{"rendered":"<p>BANAX Armis 600 ir multiplikatora spole, kurai m\u016bsdienu dizains,  lieliska un viegla gaita, \u013coti iztur\u012bga pie liel\u0101m slodz\u0113m,  galvenais,  kasetes piebremz\u0113&scaron;anas meh\u0101niska sist\u0113ma uz centrb\u0113dzes  atsvaru-balansieru r\u0113\u0137ina.<\/p>\n<ul>\n<li>gult\u0146i: 6<\/li>\n<li>p\u0101rnesums: 6.2:1<\/li>\n<li>svars: 230 g<\/li>\n<\/ul>\n","protected":false},"excerpt":{"rendered":"<p>BANAX Armis 600 ir multiplikatora spole, kurai m\u016bsdienu dizains, lieliska un viegla gaita, \u013coti iztur\u012bga pie liel\u0101m slodz\u0113m, galvenais, kasetes piebremz\u0113&scaron;anas meh\u0101niska sist\u0113ma uz centrb\u0113dzes atsvaru-balansieru r\u0113\u0137ina. gult\u0146i: 6 p\u0101rnesums: 6.2:1 svars: 230 g<\/p>\n","protected":false},"featured_media":0,"template":"","meta":[],"product_brand":[],"product_cat":[4538,4542],"product_tag":[],"class_list":{"0":"post-76121","1":"product","2":"type-product","3":"status-publish","5":"product_cat-fishing-equipment-recreation","6":"product_cat-baitcasting-reels-reels-fishing-equipment-recreation","8":"first","9":"instock","10":"shipping-taxable","11":"purchasable","12":"product-type-simple"},"_links":{"self":[{"href":"https:\/\/sezona.lv\/en\/wp-json\/wp\/v2\/product\/76121","targetHints":{"allow":["GET"]}}],"collection":[{"href":"https:\/\/sezona.lv\/en\/wp-json\/wp\/v2\/product"}],"about":[{"href":"https:\/\/sezona.lv\/en\/wp-json\/wp\/v2\/types\/product"}],"wp:attachment":[{"href":"https:\/\/sezona.lv\/en\/wp-json\/wp\/v2\/media?parent=76121"}],"wp:term":[{"taxonomy":"product_brand","embeddable":true,"href":"https:\/\/sezona.lv\/en\/wp-json\/wp\/v2\/product_brand?post=76121"},{"taxonomy":"product_cat","embeddable":true,"href":"https:\/\/sezona.lv\/en\/wp-json\/wp\/v2\/product_cat?post=76121"},{"taxonomy":"product_tag","embeddable":true,"href":"https:\/\/sezona.lv\/en\/wp-json\/wp\/v2\/product_tag?post=76121"}],"curies":[{"name":"wp","href":"https:\/\/api.w.org\/{rel}","templated":true}]}}